{"id":10080,"date":"2023-04-27T16:15:38","date_gmt":"2023-04-27T16:15:38","guid":{"rendered":"https:\/\/caravanes.santeenentreprise.com\/?page_id=10080"},"modified":"2023-04-27T17:30:04","modified_gmt":"2023-04-27T17:30:04","slug":"journee-unapei-du-21-au-22-juin-2023","status":"publish","type":"page","link":"https:\/\/caravanes.santeenentreprise.com\/en\/journee-unapei-du-21-au-22-juin-2023\/","title":{"rendered":"Journ\u00e9e UNAPEI du 21 au 22 juin 2023"},"content":{"rendered":"<div data-elementor-type=\"wp-page\" data-elementor-id=\"10080\" class=\"elementor elementor-10080\" data-elementor-settings=\"[]\">\n\t\t\t\t\t\t<div class=\"elementor-inner\">\n\t\t\t\t\t\t\t<div class=\"elementor-section-wrap\">\n\t\t\t\t\t\t\t<section class=\"elementor-section elementor-top-section elementor-element elementor-element-1aa1c80 elementor-section-boxed elementor-section-height-default elementor-section-height-default\" data-id=\"1aa1c80\" data-element_type=\"section\">\n\t\t\t\t\t\t<div class=\"elementor-container elementor-column-gap-default\">\n\t\t\t\t\t\t\t<div class=\"elementor-row\">\n\t\t\t\t\t<div class=\"elementor-column elementor-col-100 elementor-top-column elementor-element elementor-element-12cdde25\" data-id=\"12cdde25\" data-element_type=\"column\">\n\t\t\t<div class=\"elementor-column-wrap\">\n\t\t\t\t\t\t\t<div class=\"elementor-widget-wrap\">\n\t\t\t\t\t\t\t\t<\/div>\n\t\t\t\t\t<\/div>\n\t\t<\/div>\n\t\t\t\t\t\t\t\t<\/div>\n\t\t\t\t\t<\/div>\n\t\t<\/section>\n\t\t\t\t<section class=\"elementor-section elementor-top-section elementor-element elementor-element-526aa724 elementor-section-boxed elementor-section-height-default elementor-section-height-default\" data-id=\"526aa724\" data-element_type=\"section\">\n\t\t\t\t\t\t<div class=\"elementor-container elementor-column-gap-default\">\n\t\t\t\t\t\t\t<div class=\"elementor-row\">\n\t\t\t\t\t<div class=\"elementor-column elementor-col-100 elementor-top-column elementor-element elementor-element-2535c1d\" data-id=\"2535c1d\" data-element_type=\"column\">\n\t\t\t<div class=\"elementor-column-wrap elementor-element-populated\">\n\t\t\t\t\t\t\t<div class=\"elementor-widget-wrap\">\n\t\t\t\t\t\t<div class=\"elementor-element elementor-element-6d075a42 elementor-widget elementor-widget-image\" data-id=\"6d075a42\" data-element_type=\"widget\" data-widget_type=\"image.default\">\n\t\t\t\t<div class=\"elementor-widget-container\">\n\t\t\t\t\t\t\t\t<div class=\"elementor-image\">\n\t\t\t\t\t\t\t\t\t\t\t\t<img decoding=\"async\" width=\"1057\" height=\"475\" src=\"https:\/\/caravanes.santeenentreprise.com\/wp-content\/uploads\/2023\/04\/LOGO-UNAPEI.jpeg\" class=\"attachment-full size-full\" alt=\"\" srcset=\"https:\/\/caravanes.santeenentreprise.com\/wp-content\/uploads\/2023\/04\/LOGO-UNAPEI.jpeg 1057w, https:\/\/caravanes.santeenentreprise.com\/wp-content\/uploads\/2023\/04\/LOGO-UNAPEI-300x135.jpeg 300w, https:\/\/caravanes.santeenentreprise.com\/wp-content\/uploads\/2023\/04\/LOGO-UNAPEI-1024x460.jpeg 1024w, https:\/\/caravanes.santeenentreprise.com\/wp-content\/uploads\/2023\/04\/LOGO-UNAPEI-768x345.jpeg 768w, https:\/\/caravanes.santeenentreprise.com\/wp-content\/uploads\/2023\/04\/LOGO-UNAPEI-18x8.jpeg 18w, https:\/\/caravanes.santeenentreprise.com\/wp-content\/uploads\/2023\/04\/LOGO-UNAPEI-600x270.jpeg 600w\" sizes=\"(max-width: 1057px) 100vw, 1057px\" \/>\t\t\t\t\t\t\t\t\t\t\t\t\t\t<\/div>\n\t\t\t\t\t\t<\/div>\n\t\t\t\t<\/div>\n\t\t\t\t\t\t<\/div>\n\t\t\t\t\t<\/div>\n\t\t<\/div>\n\t\t\t\t\t\t\t\t<\/div>\n\t\t\t\t\t<\/div>\n\t\t<\/section>\n\t\t\t\t<section class=\"elementor-section elementor-top-section elementor-element elementor-element-32498ca6 elementor-section-boxed elementor-section-height-default elementor-section-height-default\" data-id=\"32498ca6\" data-element_type=\"section\">\n\t\t\t\t\t\t<div class=\"elementor-container elementor-column-gap-default\">\n\t\t\t\t\t\t\t<div class=\"elementor-row\">\n\t\t\t\t\t<div class=\"elementor-column elementor-col-100 elementor-top-column elementor-element elementor-element-5a2899e6\" data-id=\"5a2899e6\" data-element_type=\"column\">\n\t\t\t<div class=\"elementor-column-wrap elementor-element-populated\">\n\t\t\t\t\t\t\t<div class=\"elementor-widget-wrap\">\n\t\t\t\t\t\t<div class=\"elementor-element elementor-element-6f4fc5c1 elementor-widget elementor-widget-heading\" data-id=\"6f4fc5c1\" data-element_type=\"widget\" data-widget_type=\"heading.default\">\n\t\t\t\t<div class=\"elementor-widget-container\">\n\t\t\t<p class=\"elementor-heading-title elementor-size-default\">Diab\u00e8te et risques cardiovasculaires<\/p>\t\t<\/div>\n\t\t\t\t<\/div>\n\t\t\t\t\t\t<\/div>\n\t\t\t\t\t<\/div>\n\t\t<\/div>\n\t\t\t\t\t\t\t\t<\/div>\n\t\t\t\t\t<\/div>\n\t\t<\/section>\n\t\t\t\t<section class=\"elementor-section elementor-top-section elementor-element elementor-element-170e3c55 elementor-section-boxed elementor-section-height-default elementor-section-height-default\" data-id=\"170e3c55\" data-element_type=\"section\">\n\t\t\t\t\t\t<div class=\"elementor-container elementor-column-gap-default\">\n\t\t\t\t\t\t\t<div class=\"elementor-row\">\n\t\t\t\t\t<div class=\"elementor-column elementor-col-100 elementor-top-column elementor-element elementor-element-3f36dd56\" data-id=\"3f36dd56\" data-element_type=\"column\">\n\t\t\t<div class=\"elementor-column-wrap elementor-element-populated\">\n\t\t\t\t\t\t\t<div class=\"elementor-widget-wrap\">\n\t\t\t\t\t\t<div class=\"elementor-element elementor-element-60daa059 elementor-widget elementor-widget-text-editor\" data-id=\"60daa059\" data-element_type=\"widget\" data-widget_type=\"text-editor.default\">\n\t\t\t\t<div class=\"elementor-widget-container\">\n\t\t\t\t\t\t\t\t<div class=\"elementor-text-editor elementor-clearfix\">\n\t\t\t\t<p><span style=\"color: #000000;\">En France :<\/span><\/p><ul><li><span style=\"color: #000000;\">700 000 personnes vivent avec le diab\u00e8te sans le savoir<\/span><p>\u00a0<\/p><\/li><li><p><span style=\"color: #000000;\">5 millions de personnes ignorent leur hypertension<\/span><\/p><\/li><li><p><span style=\"color: #000000;\">7 millions de personnes ignorent leur taux de cholest\u00e9rol \u00e9lev\u00e9<\/span><\/p><\/li><li><p><span style=\"color: #000000;\">155 000 cas d\u2019AVC par an, premi\u00e8re cause de handicap acquis chez l\u2019adulte<\/span><\/p><\/li><\/ul>\t\t\t\t\t<\/div>\n\t\t\t\t\t\t<\/div>\n\t\t\t\t<\/div>\n\t\t\t\t<div class=\"elementor-element elementor-element-6192e549 elementor-widget elementor-widget-heading\" data-id=\"6192e549\" data-element_type=\"widget\" data-widget_type=\"heading.default\">\n\t\t\t\t<div class=\"elementor-widget-container\">\n\t\t\t<p class=\"elementor-heading-title elementor-size-default\">Le diab\u00e8te et les maladies cardiovasculaires ne se voient pas. Ils se d\u00e9pistent !<\/p>\t\t<\/div>\n\t\t\t\t<\/div>\n\t\t\t\t<div class=\"elementor-element elementor-element-5e604f68 elementor-widget elementor-widget-heading\" data-id=\"5e604f68\" data-element_type=\"widget\" data-widget_type=\"heading.default\">\n\t\t\t\t<div class=\"elementor-widget-container\">\n\t\t\t<p class=\"elementor-heading-title elementor-size-default\">Venez-vous faire d\u00e9pister \u00e0 l\u2019occasion des journ\u00e9es sant\u00e9 organis\u00e9es sur site par l\u2019association Sant\u00e9 en entreprise (SEE) en partenariat avec UNAPEI.<\/p>\t\t<\/div>\n\t\t\t\t<\/div>\n\t\t\t\t<div class=\"elementor-element elementor-element-3bd8a81b elementor-widget elementor-widget-text-editor\" data-id=\"3bd8a81b\" data-element_type=\"widget\" data-widget_type=\"text-editor.default\">\n\t\t\t\t<div class=\"elementor-widget-container\">\n\t\t\t\t\t\t\t\t<div class=\"elementor-text-editor elementor-clearfix\">\n\t\t\t\t<table>\n<tbody>\n<tr>\n<td width=\"141\"><strong><span style=\"color: #800080;\">Date :<\/span><\/strong><\/td>\n<td width=\"359\"><strong><span style=\"color: #000000;\">21 au 22 juin\u00a0 2023<br \/><\/span><\/strong><\/td>\n<\/tr>\n<tr>\n<td width=\"141\"><strong><span style=\"color: #800080;\">Horaires :<\/span><\/strong><\/td>\n<td width=\"359\"><strong><span style=\"color: #000000;\">09h \u2013 17h00<\/span><\/strong><\/td>\n<\/tr>\n<tr>\n<td width=\"141\"><strong><span style=\"color: #800080;\">Site :<\/span><\/strong><\/td>\n<td width=\"359\">\n<p><strong><span style=\"color: #000000;\">\u00a0<\/span><\/strong><br \/><strong><span style=\"color: #000000;\">\u00a021 juin : Montlu\u00e7on ESAT les Ecluses \u00e0 Pr\u00e9milhat 19 , Route du Stade 03410 PREMITHAT<br \/><\/span><\/strong><\/p>\n<p><strong><span style=\"color: #000000;\">22 juin : Moulins Palis des sports 56 Rue F\u00e9lix Math\u00e9, 03000 Moulins<br \/><\/span><\/strong><\/p>\n<\/td>\n<\/tr>\n<tr>\n<td width=\"141\"><strong><span style=\"color: #800080;\">Salle :<br \/><\/span><\/strong><\/td>\n<td width=\"359\">\n<p><strong><span style=\"color: #000000;\">\u00a021 juin : B\u00e2timent principal au 1er niveau<\/span><\/strong><\/p>\n<p><strong><span style=\"color: #000000;\">\u00a022 juin :\u00a0 \u00a0 \u00a0 \u00a0 \u00a0 \u00a0 \u00a0 \u00a0 \u00a0 \u00a0 \u00a0 \u00a0 \u00a0 \u00a0 \u00a0 \u00a0 \u00a0 \u00a0 \u00a0 \u00a0 <br \/><\/span><\/strong><\/p>\n<\/td>\n<\/tr>\n<tr>\n<td width=\"141\"><strong><span style=\"color: #800080;\">Service propos\u00e9 :<\/span><\/strong><\/td>\n<td width=\"359\">\n<p><strong><span style=\"color: #000000;\">1. D\u00e9pistage combin\u00e9, simple rapide et fiable : tension art\u00e9rielle, glyc\u00e9mie, cholest\u00e9rol, d\u00e9pistage urinaire de l&rsquo;insuffisance r\u00e9nale\u00a0\u00a0<\/span><\/strong><br \/><strong><span style=\"color: #000000;\">2. Remise imm\u00e9diate des r\u00e9sultats<\/span><\/strong><br \/><strong><span style=\"color: #000000;\">3. Conseil pr\u00e9ventif<\/span><\/strong><br \/><strong><span style=\"color: #000000;\">4. Orientation si n\u00e9cessaire vers votre m\u00e9decin traitant\u00a0<\/span><\/strong><\/p>\n<\/td>\n<\/tr>\n<tr>\n<td width=\"141\"><strong><span style=\"color: #800080;\">D\u00e9roulement :<\/span><\/strong><\/td>\n<td width=\"359\">\n<p><strong><span style=\"color: #000000;\">D\u00e9pistage r\u00e9alis\u00e9 sur rdv, en 15 minutes par une infirmi\u00e8re Volontaire, gratuit, anonyme et confidentiel.<\/span><\/strong><\/p>\n<\/td>\n<\/tr>\n<tr>\n<td width=\"141\"><span style=\"color: #800080;\"><strong>Pour s\u2019inscrire :<\/strong><\/span><\/td>\n<td width=\"359\"><strong><a href=\"https:\/\/bit.ly\/41KemYS\">https:\/\/bit.ly\/41KemYS<\/a><\/strong><\/td>\n<\/tr>\n<tr>\n<td colspan=\"2\" width=\"501\"><span style=\"color: #000000;\">SANTE EN ENTREPRISE (SEE) est une association loi 1901 d\u00e9clar\u00e9e \u00e0 Paris.<\/span><br \/><span style=\"color: #000000;\">Sa mission est de mettre en place des actions de sensibilisation et de pr\u00e9vention contre les maladies chroniques destin\u00e9es aux employ\u00e9s.<\/span><br \/><a href=\"http:\/\/www.santeenentreprise.com\">www.santeenentreprise.com<\/a><\/td>\n<\/tr>\n<\/tbody>\n<\/table>\t\t\t\t\t<\/div>\n\t\t\t\t\t\t<\/div>\n\t\t\t\t<\/div>\n\t\t\t\t\t\t<\/div>\n\t\t\t\t\t<\/div>\n\t\t<\/div>\n\t\t\t\t\t\t\t\t<\/div>\n\t\t\t\t\t<\/div>\n\t\t<\/section>\n\t\t\t\t<section class=\"elementor-section elementor-top-section elementor-element elementor-element-57402f02 elementor-section-boxed elementor-section-height-default elementor-section-height-default\" data-id=\"57402f02\" data-element_type=\"section\">\n\t\t\t\t\t\t<div class=\"elementor-container elementor-column-gap-default\">\n\t\t\t\t\t\t\t<div class=\"elementor-row\">\n\t\t\t\t\t<div class=\"elementor-column elementor-col-50 elementor-top-column elementor-element elementor-element-67ca98f9\" data-id=\"67ca98f9\" data-element_type=\"column\">\n\t\t\t<div class=\"elementor-column-wrap elementor-element-populated\">\n\t\t\t\t\t\t\t<div class=\"elementor-widget-wrap\">\n\t\t\t\t\t\t<div class=\"elementor-element elementor-element-2c5cdd7c elementor-widget elementor-widget-heading\" data-id=\"2c5cdd7c\" data-element_type=\"widget\" data-widget_type=\"heading.default\">\n\t\t\t\t<div class=\"elementor-widget-container\">\n\t\t\t<p class=\"elementor-heading-title elementor-size-default\">Partager la nouvelle !<\/p>\t\t<\/div>\n\t\t\t\t<\/div>\n\t\t\t\t<div class=\"elementor-element elementor-element-1bddae2c elementor-share-buttons--view-icon elementor-share-buttons--align-center elementor-share-buttons--skin-gradient elementor-share-buttons--shape-square elementor-grid-0 elementor-share-buttons--color-official elementor-widget elementor-widget-share-buttons\" data-id=\"1bddae2c\" data-element_type=\"widget\" data-widget_type=\"share-buttons.default\">\n\t\t\t\t<div class=\"elementor-widget-container\">\n\t\t\t\t\t<div class=\"elementor-grid\">\n\t\t\t\t\t\t\t\t<div class=\"elementor-grid-item\">\n\t\t\t\t\t\t<div class=\"elementor-share-btn elementor-share-btn_whatsapp\">\n\t\t\t\t\t\t\t\t\t\t\t\t\t\t\t<span class=\"elementor-share-btn__icon\">\n\t\t\t\t\t\t\t\t<i class=\"fab fa-whatsapp\"\n\t\t\t\t\t\t\t\t   aria-hidden=\"true\"><\/i>\n\t\t\t\t\t\t\t\t<span\n\t\t\t\t\t\t\t\t\tclass=\"elementor-screen-only\">Share on whatsapp<\/span>\n\t\t\t\t\t\t\t<\/span>\n\t\t\t\t\t\t\t\t\t\t\t\t\t\t\t\t\t\t\t\t<\/div>\n\t\t\t\t\t<\/div>\n\t\t\t\t\t\t\t\t\t<div class=\"elementor-grid-item\">\n\t\t\t\t\t\t<div class=\"elementor-share-btn elementor-share-btn_facebook\">\n\t\t\t\t\t\t\t\t\t\t\t\t\t\t\t<span class=\"elementor-share-btn__icon\">\n\t\t\t\t\t\t\t\t<i class=\"fab fa-facebook\"\n\t\t\t\t\t\t\t\t   aria-hidden=\"true\"><\/i>\n\t\t\t\t\t\t\t\t<span\n\t\t\t\t\t\t\t\t\tclass=\"elementor-screen-only\">Share on facebook<\/span>\n\t\t\t\t\t\t\t<\/span>\n\t\t\t\t\t\t\t\t\t\t\t\t\t\t\t\t\t\t\t\t<\/div>\n\t\t\t\t\t<\/div>\n\t\t\t\t\t\t\t\t\t<div class=\"elementor-grid-item\">\n\t\t\t\t\t\t<div class=\"elementor-share-btn elementor-share-btn_twitter\">\n\t\t\t\t\t\t\t\t\t\t\t\t\t\t\t<span class=\"elementor-share-btn__icon\">\n\t\t\t\t\t\t\t\t<i class=\"fab fa-twitter\"\n\t\t\t\t\t\t\t\t   aria-hidden=\"true\"><\/i>\n\t\t\t\t\t\t\t\t<span\n\t\t\t\t\t\t\t\t\tclass=\"elementor-screen-only\">Share on twitter<\/span>\n\t\t\t\t\t\t\t<\/span>\n\t\t\t\t\t\t\t\t\t\t\t\t\t\t\t\t\t\t\t\t<\/div>\n\t\t\t\t\t<\/div>\n\t\t\t\t\t\t\t\t\t<div class=\"elementor-grid-item\">\n\t\t\t\t\t\t<div class=\"elementor-share-btn elementor-share-btn_linkedin\">\n\t\t\t\t\t\t\t\t\t\t\t\t\t\t\t<span class=\"elementor-share-btn__icon\">\n\t\t\t\t\t\t\t\t<i class=\"fab fa-linkedin\"\n\t\t\t\t\t\t\t\t   aria-hidden=\"true\"><\/i>\n\t\t\t\t\t\t\t\t<span\n\t\t\t\t\t\t\t\t\tclass=\"elementor-screen-only\">Share on linkedin<\/span>\n\t\t\t\t\t\t\t<\/span>\n\t\t\t\t\t\t\t\t\t\t\t\t\t\t\t\t\t\t\t\t<\/div>\n\t\t\t\t\t<\/div>\n\t\t\t\t\t\t\t\t\t<div class=\"elementor-grid-item\">\n\t\t\t\t\t\t<div class=\"elementor-share-btn elementor-share-btn_email\">\n\t\t\t\t\t\t\t\t\t\t\t\t\t\t\t<span class=\"elementor-share-btn__icon\">\n\t\t\t\t\t\t\t\t<i class=\"fas fa-envelope\"\n\t\t\t\t\t\t\t\t   aria-hidden=\"true\"><\/i>\n\t\t\t\t\t\t\t\t<span\n\t\t\t\t\t\t\t\t\tclass=\"elementor-screen-only\">Share on email<\/span>\n\t\t\t\t\t\t\t<\/span>\n\t\t\t\t\t\t\t\t\t\t\t\t\t\t\t\t\t\t\t\t<\/div>\n\t\t\t\t\t<\/div>\n\t\t\t\t\t\t<\/div>\n\t\t\t\t<\/div>\n\t\t\t\t<\/div>\n\t\t\t\t\t\t<\/div>\n\t\t\t\t\t<\/div>\n\t\t<\/div>\n\t\t\t\t<div class=\"elementor-column elementor-col-50 elementor-top-column elementor-element elementor-element-a38be79\" data-id=\"a38be79\" data-element_type=\"column\">\n\t\t\t<div class=\"elementor-column-wrap elementor-element-populated\">\n\t\t\t\t\t\t\t<div class=\"elementor-widget-wrap\">\n\t\t\t\t\t\t<div class=\"elementor-element elementor-element-2e93bb14 elementor-widget elementor-widget-heading\" data-id=\"2e93bb14\" data-element_type=\"widget\" data-widget_type=\"heading.default\">\n\t\t\t\t<div class=\"elementor-widget-container\">\n\t\t\t<p class=\"elementor-heading-title elementor-size-default\">Our visitors<\/p>\t\t<\/div>\n\t\t\t\t<\/div>\n\t\t\t\t<div class=\"elementor-element elementor-element-5f884700 elementor-widget elementor-widget-shortcode\" data-id=\"5f884700\" data-element_type=\"widget\" data-widget_type=\"shortcode.default\">\n\t\t\t\t<div class=\"elementor-widget-container\">\n\t\t\t\t\n\t\n\t\t\n\n\t\n\t\t\t\n\t\t\n\t\t\t\t\t\t\t\t\t\t\t\t\t\t\n\t\n\t\t\t\t\n\t\t\t\n\t\t\t\t<div class=\"elementor-shortcode\"><div id='mvcwid'style='text-align: left; color: #000000;'><h3 class='wps_visitor_title'>Page visitors<\/h3><div id=\"wpsvccount\"><img src='https:\/\/caravanes.santeenentreprise.com\/wp-content\/plugins\/wps-visitor-counter\/styles\/image\/Blueberry\/0.gif' alt='0'><img src='https:\/\/caravanes.santeenentreprise.com\/wp-content\/plugins\/wps-visitor-counter\/styles\/image\/Blueberry\/4.gif' alt='4'><img src='https:\/\/caravanes.santeenentreprise.com\/wp-content\/plugins\/wps-visitor-counter\/styles\/image\/Blueberry\/6.gif' alt='6'><img src='https:\/\/caravanes.santeenentreprise.com\/wp-content\/plugins\/wps-visitor-counter\/styles\/image\/Blueberry\/2.gif' alt='2'><img src='https:\/\/caravanes.santeenentreprise.com\/wp-content\/plugins\/wps-visitor-counter\/styles\/image\/Blueberry\/8.gif' alt='8'><img src='https:\/\/caravanes.santeenentreprise.com\/wp-content\/plugins\/wps-visitor-counter\/styles\/image\/Blueberry\/2.gif' alt='2'><\/div>\n\t<div id=\"wpsvctable\"><div id=\"wpsvcvisit\" style='text-align: left; color: #000000;'><img src='https:\/\/caravanes.santeenentreprise.com\/wp-content\/plugins\/wps-visitor-counter\/counter\/user_today.png'> Users Today : 7<\/div><div id=\"wpsvcyesterday\" style='text-align: left; color: #000000;'><img src='https:\/\/caravanes.santeenentreprise.com\/wp-content\/plugins\/wps-visitor-counter\/counter\/7days_user.png'> Users  Last 7 days : 71<\/div><div id=\"wpsvcyesterday\" style='text-align: left; color: #000000;'><img src='https:\/\/caravanes.santeenentreprise.com\/wp-content\/plugins\/wps-visitor-counter\/counter\/30days_user.png'> Users Last 30 days : 450<\/div><div id=\"wpsvcmonth\" style='text-align: left; color: #000000;'><img src='https:\/\/caravanes.santeenentreprise.com\/wp-content\/plugins\/wps-visitor-counter\/counter\/user_month.png'> Users This Month : 410<\/div><div id=\"wpsvctotal\" style='text-align: left; color: #000000;'><img src='https:\/\/caravanes.santeenentreprise.com\/wp-content\/plugins\/wps-visitor-counter\/counter\/user_total.png'> Total Users : 46282<\/div><\/div><div id=\"wpsvcattribution\" style='text-align: left; color: #000000;'><small>Powered By <a href=\"https:\/\/techmix.xyz\/\" rel=\"nofollow\">WPS Visitor Counter<\/a><\/small><\/div><\/div><\/div>\n\t\t\t\t<\/div>\n\t\t\t\t<\/div>\n\t\t\t\t\t\t<\/div>\n\t\t\t\t\t<\/div>\n\t\t<\/div>\n\t\t\t\t\t\t\t\t<\/div>\n\t\t\t\t\t<\/div>\n\t\t<\/section>\n\t\t\t\t<section class=\"elementor-section elementor-top-section elementor-element elementor-element-23111c32 elementor-section-boxed elementor-section-height-default elementor-section-height-default\" data-id=\"23111c32\" data-element_type=\"section\">\n\t\t\t\t\t\t<div class=\"elementor-container elementor-column-gap-default\">\n\t\t\t\t\t\t\t<div class=\"elementor-row\">\n\t\t\t\t\t<div class=\"elementor-column elementor-col-100 elementor-top-column elementor-element elementor-element-560cab08\" data-id=\"560cab08\" data-element_type=\"column\">\n\t\t\t<div class=\"elementor-column-wrap\">\n\t\t\t\t\t\t\t<div class=\"elementor-widget-wrap\">\n\t\t\t\t\t\t\t\t<\/div>\n\t\t\t\t\t<\/div>\n\t\t<\/div>\n\t\t\t\t\t\t\t\t<\/div>\n\t\t\t\t\t<\/div>\n\t\t<\/section>\n\t\t\t\t\t\t<\/div>\n\t\t\t\t\t\t<\/div>\n\t\t\t\t\t<\/div>","protected":false},"excerpt":{"rendered":"<p>Diab\u00e8te et risques cardiovasculaires En France : 700 000 personnes vivent avec le diab\u00e8te sans le savoir \u00a0 5 millions de personnes ignorent leur hypertension 7 millions de personnes ignorent [&hellip;]<\/p>","protected":false},"author":5,"featured_media":0,"parent":0,"menu_order":0,"comment_status":"closed","ping_status":"closed","template":"elementor_canvas","meta":{"_regular_price":[],"currency_symbol":[],"footnotes":""},"class_list":["post-10080","page","type-page","status-publish","hentry"],"post_slider_layout_featured_media_urls":{"thumbnail":"","post_slider_layout_landscape_large":"","post_slider_layout_portrait_large":"","post_slider_layout_square_large":"","post_slider_layout_landscape":"","post_slider_layout_portrait":"","post_slider_layout_square":"","full":""},"jetpack_sharing_enabled":true,"_links":{"self":[{"href":"https:\/\/caravanes.santeenentreprise.com\/en\/wp-json\/wp\/v2\/pages\/10080","targetHints":{"allow":["GET"]}}],"collection":[{"href":"https:\/\/caravanes.santeenentreprise.com\/en\/wp-json\/wp\/v2\/pages"}],"about":[{"href":"https:\/\/caravanes.santeenentreprise.com\/en\/wp-json\/wp\/v2\/types\/page"}],"author":[{"embeddable":true,"href":"https:\/\/caravanes.santeenentreprise.com\/en\/wp-json\/wp\/v2\/users\/5"}],"replies":[{"embeddable":true,"href":"https:\/\/caravanes.santeenentreprise.com\/en\/wp-json\/wp\/v2\/comments?post=10080"}],"version-history":[{"count":7,"href":"https:\/\/caravanes.santeenentreprise.com\/en\/wp-json\/wp\/v2\/pages\/10080\/revisions"}],"predecessor-version":[{"id":10096,"href":"https:\/\/caravanes.santeenentreprise.com\/en\/wp-json\/wp\/v2\/pages\/10080\/revisions\/10096"}],"wp:attachment":[{"href":"https:\/\/caravanes.santeenentreprise.com\/en\/wp-json\/wp\/v2\/media?parent=10080"}],"curies":[{"name":"wp","href":"https:\/\/api.w.org\/{rel}","templated":true}]}}