{"id":10682,"date":"2023-06-01T13:34:49","date_gmt":"2023-06-01T13:34:49","guid":{"rendered":"https:\/\/caravanes.santeenentreprise.com\/?page_id=10682"},"modified":"2023-06-08T13:36:07","modified_gmt":"2023-06-08T13:36:07","slug":"journee-sante-orano","status":"publish","type":"page","link":"https:\/\/caravanes.santeenentreprise.com\/en\/journee-sante-orano\/","title":{"rendered":"Journ\u00e9e sant\u00e9 ORANO"},"content":{"rendered":"<div data-elementor-type=\"wp-page\" data-elementor-id=\"10682\" class=\"elementor elementor-10682\" data-elementor-settings=\"[]\">\n\t\t\t\t\t\t<div class=\"elementor-inner\">\n\t\t\t\t\t\t\t<div class=\"elementor-section-wrap\">\n\t\t\t\t\t\t\t<section class=\"elementor-section elementor-top-section elementor-element elementor-element-665bd9f5 elementor-section-boxed elementor-section-height-default elementor-section-height-default\" data-id=\"665bd9f5\" data-element_type=\"section\">\n\t\t\t\t\t\t<div class=\"elementor-container elementor-column-gap-default\">\n\t\t\t\t\t\t\t<div class=\"elementor-row\">\n\t\t\t\t\t<div class=\"elementor-column elementor-col-100 elementor-top-column elementor-element elementor-element-55696c06\" data-id=\"55696c06\" data-element_type=\"column\">\n\t\t\t<div class=\"elementor-column-wrap elementor-element-populated\">\n\t\t\t\t\t\t\t<div class=\"elementor-widget-wrap\">\n\t\t\t\t\t\t<div class=\"elementor-element elementor-element-2b22551 elementor-widget elementor-widget-image\" data-id=\"2b22551\" data-element_type=\"widget\" data-widget_type=\"image.default\">\n\t\t\t\t<div class=\"elementor-widget-container\">\n\t\t\t\t\t\t\t\t<div class=\"elementor-image\">\n\t\t\t\t\t\t\t\t\t\t\t\t<img decoding=\"async\" width=\"938\" height=\"529\" src=\"https:\/\/caravanes.santeenentreprise.com\/wp-content\/uploads\/2023\/06\/journee-sante-orano.png\" class=\"attachment-full size-full\" alt=\"\" srcset=\"https:\/\/caravanes.santeenentreprise.com\/wp-content\/uploads\/2023\/06\/journee-sante-orano.png 938w, https:\/\/caravanes.santeenentreprise.com\/wp-content\/uploads\/2023\/06\/journee-sante-orano-300x169.png 300w, https:\/\/caravanes.santeenentreprise.com\/wp-content\/uploads\/2023\/06\/journee-sante-orano-768x433.png 768w, https:\/\/caravanes.santeenentreprise.com\/wp-content\/uploads\/2023\/06\/journee-sante-orano-18x10.png 18w, https:\/\/caravanes.santeenentreprise.com\/wp-content\/uploads\/2023\/06\/journee-sante-orano-600x338.png 600w\" sizes=\"(max-width: 938px) 100vw, 938px\" \/>\t\t\t\t\t\t\t\t\t\t\t\t\t\t<\/div>\n\t\t\t\t\t\t<\/div>\n\t\t\t\t<\/div>\n\t\t\t\t\t\t<\/div>\n\t\t\t\t\t<\/div>\n\t\t<\/div>\n\t\t\t\t\t\t\t\t<\/div>\n\t\t\t\t\t<\/div>\n\t\t<\/section>\n\t\t\t\t<section class=\"elementor-section elementor-top-section elementor-element elementor-element-6f7d158e elementor-section-boxed elementor-section-height-default elementor-section-height-default\" data-id=\"6f7d158e\" data-element_type=\"section\">\n\t\t\t\t\t\t<div class=\"elementor-container elementor-column-gap-default\">\n\t\t\t\t\t\t\t<div class=\"elementor-row\">\n\t\t\t\t\t<div class=\"elementor-column elementor-col-100 elementor-top-column elementor-element elementor-element-75bb30c7\" data-id=\"75bb30c7\" data-element_type=\"column\">\n\t\t\t<div class=\"elementor-column-wrap elementor-element-populated\">\n\t\t\t\t\t\t\t<div class=\"elementor-widget-wrap\">\n\t\t\t\t\t\t<div class=\"elementor-element elementor-element-772fc531 elementor-widget elementor-widget-heading\" data-id=\"772fc531\" data-element_type=\"widget\" data-widget_type=\"heading.default\">\n\t\t\t\t<div class=\"elementor-widget-container\">\n\t\t\t<p class=\"elementor-heading-title elementor-size-default\">Diab\u00e8te et risques cardiovasculaires<\/p>\t\t<\/div>\n\t\t\t\t<\/div>\n\t\t\t\t\t\t<\/div>\n\t\t\t\t\t<\/div>\n\t\t<\/div>\n\t\t\t\t\t\t\t\t<\/div>\n\t\t\t\t\t<\/div>\n\t\t<\/section>\n\t\t\t\t<section class=\"elementor-section elementor-top-section elementor-element elementor-element-500bbcf elementor-section-boxed elementor-section-height-default elementor-section-height-default\" data-id=\"500bbcf\" data-element_type=\"section\">\n\t\t\t\t\t\t<div class=\"elementor-container elementor-column-gap-default\">\n\t\t\t\t\t\t\t<div class=\"elementor-row\">\n\t\t\t\t\t<div class=\"elementor-column elementor-col-100 elementor-top-column elementor-element elementor-element-5e1e92f8\" data-id=\"5e1e92f8\" data-element_type=\"column\">\n\t\t\t<div class=\"elementor-column-wrap elementor-element-populated\">\n\t\t\t\t\t\t\t<div class=\"elementor-widget-wrap\">\n\t\t\t\t\t\t<div class=\"elementor-element elementor-element-7df9aac8 elementor-widget elementor-widget-text-editor\" data-id=\"7df9aac8\" data-element_type=\"widget\" data-widget_type=\"text-editor.default\">\n\t\t\t\t<div class=\"elementor-widget-container\">\n\t\t\t\t\t\t\t\t<div class=\"elementor-text-editor elementor-clearfix\">\n\t\t\t\t<p><span style=\"color: #000000;\">En France :<\/span><\/p><ul><li><span style=\"color: #000000;\">700 000 personnes vivent avec le diab\u00e8te sans le savoir<\/span><p>\u00a0<\/p><\/li><li><p><span style=\"color: #000000;\">5 millions de personnes ignorent leur hypertension<\/span><\/p><\/li><li><p><span style=\"color: #000000;\">7 millions de personnes ignorent leur taux de cholest\u00e9rol \u00e9lev\u00e9<\/span><\/p><\/li><li><p><span style=\"color: #000000;\">155 000 cas d\u2019AVC par an, premi\u00e8re cause de handicap acquis chez l\u2019adulte<\/span><\/p><\/li><\/ul>\t\t\t\t\t<\/div>\n\t\t\t\t\t\t<\/div>\n\t\t\t\t<\/div>\n\t\t\t\t<div class=\"elementor-element elementor-element-5586cb63 elementor-widget elementor-widget-heading\" data-id=\"5586cb63\" data-element_type=\"widget\" data-widget_type=\"heading.default\">\n\t\t\t\t<div class=\"elementor-widget-container\">\n\t\t\t<p class=\"elementor-heading-title elementor-size-default\">Le diab\u00e8te et les maladies cardiovasculaires ne se voient pas. Ils se d\u00e9pistent !<\/p>\t\t<\/div>\n\t\t\t\t<\/div>\n\t\t\t\t<div class=\"elementor-element elementor-element-3a0f13f3 elementor-widget elementor-widget-heading\" data-id=\"3a0f13f3\" data-element_type=\"widget\" data-widget_type=\"heading.default\">\n\t\t\t\t<div class=\"elementor-widget-container\">\n\t\t\t<p class=\"elementor-heading-title elementor-size-default\">ORANO vous propose le programme \u00ab Chroniques en entreprise \u00bb en partenariat avec Vivinter et l\u2019association SANTE EN ENTREPRISE (SEE)<\/p>\t\t<\/div>\n\t\t\t\t<\/div>\n\t\t\t\t<div class=\"elementor-element elementor-element-586b5a1e elementor-widget elementor-widget-text-editor\" data-id=\"586b5a1e\" data-element_type=\"widget\" data-widget_type=\"text-editor.default\">\n\t\t\t\t<div class=\"elementor-widget-container\">\n\t\t\t\t\t\t\t\t<div class=\"elementor-text-editor elementor-clearfix\">\n\t\t\t\t<table><tbody><tr><td width=\"141\"><strong><span style=\"color: #800080;\">Date :<\/span><\/strong><\/td><td width=\"359\"><strong><span style=\"color: #000000;\">29 juin 2023<br \/><\/span><\/strong><\/td><\/tr><tr><td width=\"141\"><strong><span style=\"color: #800080;\">Horaires :<\/span><\/strong><\/td><td width=\"359\"><span style=\"color: #000000;\">D\u00e9pistages :<\/span><strong><span style=\"color: #000000;\"> 9h30 \u2013 16h30<br \/><\/span><\/strong><span style=\"color: #000000;\">Conf\u00e9rences : <\/span><strong><span style=\"color: #000000;\">10h00 &#8211; 15h30<\/span><\/strong><\/td><\/tr><tr><td width=\"141\"><strong><span style=\"color: #800080;\">Site :<\/span><\/strong><\/td><td width=\"359\"><strong><span style=\"color: #000000;\">\u00a0<\/span><\/strong><br \/><strong><span style=\"color: #000000;\">Orano France Immeuble Le Prisme 92320 Ch\u00e2tillon<br \/><\/span><\/strong><\/td><\/tr><tr><td width=\"141\"><strong><span style=\"color: #800080;\">Salle :<br \/><\/span><\/strong><\/td><td width=\"359\"><p><strong><span style=\"color: #000000;\">\u00a0\u00a0<br \/><\/span><\/strong><\/p><p>\u00a0<\/p><p>\u00a0<\/p><\/td><\/tr><tr><td width=\"141\"><strong><span style=\"color: #800080;\">Service propos\u00e9 :<\/span><\/strong><\/td><td width=\"359\"><p><strong><span style=\"color: #000000;\">1. D\u00e9pistage combin\u00e9, simple rapide et fiable : tension art\u00e9rielle, glyc\u00e9mie, cholest\u00e9rol\u00a0<\/span><\/strong><br \/><strong><span style=\"color: #000000;\">2. Remise imm\u00e9diate des r\u00e9sultats<\/span><\/strong><br \/><strong><span style=\"color: #000000;\">3. Conseil pr\u00e9ventif<\/span><\/strong><br \/><strong><span style=\"color: #000000;\">4. Orientation si n\u00e9cessaire vers votre m\u00e9decin traitant\u00a0<\/span><\/strong><\/p><\/td><\/tr><tr><td width=\"141\"><strong><span style=\"color: #800080;\">D\u00e9roulement :<\/span><\/strong><\/td><td width=\"359\"><p><strong><span style=\"color: #000000;\">4 Conf\u00e9rences limit\u00e9es \u00e0 30 personnes (places) au horaires suivantes:\u00a0<\/span><\/strong><\/p><ul><li><span style=\"color: #000000;\"><strong>10h \u00e0 10h30<\/strong><\/span><\/li><li><span style=\"color: #000000;\"><strong>12h \u00e0 12h30<\/strong><\/span><\/li><li><span style=\"color: #000000;\"><strong>14h \u00e0 14h30<\/strong><\/span><\/li><li><span style=\"color: #000000;\"><strong>15h \u00e0 15h30<\/strong><\/span><\/li><\/ul><p><strong><span style=\"color: #000000;\">\u00a0 \u00a0<\/span><\/strong><\/p><p><strong><span style=\"color: #000000;\">\u00a01. D\u00e9pistage individuel combin\u00e9 r\u00e9alis\u00e9 sur rdv, en 10 minutes par une infirmi\u00e8re Volontaire, gratuit, anonyme et confidentiel.\u00a0 \u00a0 \u00a0 \u00a0 \u00a0 \u00a0 \u00a0 \u00a0 \u00a0 \u00a0 \u00a0 \u00a0 \u00a0 \u00a0<\/span><\/strong><\/p><p><strong><span style=\"color: #000000;\">2. Deux\u00a0 di\u00e9t\u00e9ticiennes seront pr\u00e9sentes pour des conseils-nutrition \u00e0 la demande.<br \/><\/span><\/strong><\/p><\/td><\/tr><tr><td width=\"141\"><span style=\"color: #800080;\"><strong>Pour s\u2019inscrire :<\/strong><\/span><\/td><td width=\"359\"><p><strong>D\u00e9pistage :\u00a0<a href=\"https:\/\/bit.ly\/3C7ehna\">https:\/\/bit.ly\/3C7ehna<\/a><\/strong><\/p><p><strong>Conf\u00e9rence : <a href=\"https:\/\/bit.ly\/42sEQOf\">https:\/\/bit.ly\/42sEQOf<\/a>\u00a0<\/strong><\/p><\/td><\/tr><tr><td colspan=\"2\" width=\"501\"><span style=\"color: #000000;\">SANTE EN ENTREPRISE (SEE) est une association loi 1901 d\u00e9clar\u00e9e \u00e0 Paris.<\/span><br \/><span style=\"color: #000000;\">Sa mission est de mettre en place des actions de sensibilisation et de pr\u00e9vention contre les maladies chroniques destin\u00e9es aux employ\u00e9s.<\/span><br \/><a href=\"http:\/\/www.santeenentreprise.com\">www.santeenentreprise.com<\/a><\/td><\/tr><\/tbody><\/table>\t\t\t\t\t<\/div>\n\t\t\t\t\t\t<\/div>\n\t\t\t\t<\/div>\n\t\t\t\t\t\t<\/div>\n\t\t\t\t\t<\/div>\n\t\t<\/div>\n\t\t\t\t\t\t\t\t<\/div>\n\t\t\t\t\t<\/div>\n\t\t<\/section>\n\t\t\t\t<section class=\"elementor-section elementor-top-section elementor-element elementor-element-30ab6548 elementor-section-boxed elementor-section-height-default elementor-section-height-default\" data-id=\"30ab6548\" data-element_type=\"section\">\n\t\t\t\t\t\t<div class=\"elementor-container elementor-column-gap-default\">\n\t\t\t\t\t\t\t<div class=\"elementor-row\">\n\t\t\t\t\t<div class=\"elementor-column elementor-col-50 elementor-top-column elementor-element elementor-element-70796200\" data-id=\"70796200\" data-element_type=\"column\">\n\t\t\t<div class=\"elementor-column-wrap elementor-element-populated\">\n\t\t\t\t\t\t\t<div class=\"elementor-widget-wrap\">\n\t\t\t\t\t\t<div class=\"elementor-element elementor-element-ad18f71 elementor-widget elementor-widget-heading\" data-id=\"ad18f71\" data-element_type=\"widget\" data-widget_type=\"heading.default\">\n\t\t\t\t<div class=\"elementor-widget-container\">\n\t\t\t<p class=\"elementor-heading-title elementor-size-default\">Partager la nouvelle !<\/p>\t\t<\/div>\n\t\t\t\t<\/div>\n\t\t\t\t<div class=\"elementor-element elementor-element-4551c5fe elementor-share-buttons--view-icon elementor-share-buttons--align-center elementor-share-buttons--skin-gradient elementor-share-buttons--shape-square elementor-grid-0 elementor-share-buttons--color-official elementor-widget elementor-widget-share-buttons\" data-id=\"4551c5fe\" data-element_type=\"widget\" data-widget_type=\"share-buttons.default\">\n\t\t\t\t<div class=\"elementor-widget-container\">\n\t\t\t\t\t<div class=\"elementor-grid\">\n\t\t\t\t\t\t\t\t<div class=\"elementor-grid-item\">\n\t\t\t\t\t\t<div class=\"elementor-share-btn elementor-share-btn_whatsapp\">\n\t\t\t\t\t\t\t\t\t\t\t\t\t\t\t<span class=\"elementor-share-btn__icon\">\n\t\t\t\t\t\t\t\t<i class=\"fab fa-whatsapp\"\n\t\t\t\t\t\t\t\t   aria-hidden=\"true\"><\/i>\n\t\t\t\t\t\t\t\t<span\n\t\t\t\t\t\t\t\t\tclass=\"elementor-screen-only\">Share on whatsapp<\/span>\n\t\t\t\t\t\t\t<\/span>\n\t\t\t\t\t\t\t\t\t\t\t\t\t\t\t\t\t\t\t\t<\/div>\n\t\t\t\t\t<\/div>\n\t\t\t\t\t\t\t\t\t<div class=\"elementor-grid-item\">\n\t\t\t\t\t\t<div class=\"elementor-share-btn elementor-share-btn_facebook\">\n\t\t\t\t\t\t\t\t\t\t\t\t\t\t\t<span class=\"elementor-share-btn__icon\">\n\t\t\t\t\t\t\t\t<i class=\"fab fa-facebook\"\n\t\t\t\t\t\t\t\t   aria-hidden=\"true\"><\/i>\n\t\t\t\t\t\t\t\t<span\n\t\t\t\t\t\t\t\t\tclass=\"elementor-screen-only\">Share on facebook<\/span>\n\t\t\t\t\t\t\t<\/span>\n\t\t\t\t\t\t\t\t\t\t\t\t\t\t\t\t\t\t\t\t<\/div>\n\t\t\t\t\t<\/div>\n\t\t\t\t\t\t\t\t\t<div class=\"elementor-grid-item\">\n\t\t\t\t\t\t<div class=\"elementor-share-btn elementor-share-btn_twitter\">\n\t\t\t\t\t\t\t\t\t\t\t\t\t\t\t<span class=\"elementor-share-btn__icon\">\n\t\t\t\t\t\t\t\t<i class=\"fab fa-twitter\"\n\t\t\t\t\t\t\t\t   aria-hidden=\"true\"><\/i>\n\t\t\t\t\t\t\t\t<span\n\t\t\t\t\t\t\t\t\tclass=\"elementor-screen-only\">Share on twitter<\/span>\n\t\t\t\t\t\t\t<\/span>\n\t\t\t\t\t\t\t\t\t\t\t\t\t\t\t\t\t\t\t\t<\/div>\n\t\t\t\t\t<\/div>\n\t\t\t\t\t\t\t\t\t<div class=\"elementor-grid-item\">\n\t\t\t\t\t\t<div class=\"elementor-share-btn elementor-share-btn_linkedin\">\n\t\t\t\t\t\t\t\t\t\t\t\t\t\t\t<span class=\"elementor-share-btn__icon\">\n\t\t\t\t\t\t\t\t<i class=\"fab fa-linkedin\"\n\t\t\t\t\t\t\t\t   aria-hidden=\"true\"><\/i>\n\t\t\t\t\t\t\t\t<span\n\t\t\t\t\t\t\t\t\tclass=\"elementor-screen-only\">Share on linkedin<\/span>\n\t\t\t\t\t\t\t<\/span>\n\t\t\t\t\t\t\t\t\t\t\t\t\t\t\t\t\t\t\t\t<\/div>\n\t\t\t\t\t<\/div>\n\t\t\t\t\t\t\t\t\t<div class=\"elementor-grid-item\">\n\t\t\t\t\t\t<div class=\"elementor-share-btn elementor-share-btn_email\">\n\t\t\t\t\t\t\t\t\t\t\t\t\t\t\t<span class=\"elementor-share-btn__icon\">\n\t\t\t\t\t\t\t\t<i class=\"fas fa-envelope\"\n\t\t\t\t\t\t\t\t   aria-hidden=\"true\"><\/i>\n\t\t\t\t\t\t\t\t<span\n\t\t\t\t\t\t\t\t\tclass=\"elementor-screen-only\">Share on email<\/span>\n\t\t\t\t\t\t\t<\/span>\n\t\t\t\t\t\t\t\t\t\t\t\t\t\t\t\t\t\t\t\t<\/div>\n\t\t\t\t\t<\/div>\n\t\t\t\t\t\t<\/div>\n\t\t\t\t<\/div>\n\t\t\t\t<\/div>\n\t\t\t\t\t\t<\/div>\n\t\t\t\t\t<\/div>\n\t\t<\/div>\n\t\t\t\t<div class=\"elementor-column elementor-col-50 elementor-top-column elementor-element elementor-element-33f7027e\" data-id=\"33f7027e\" data-element_type=\"column\">\n\t\t\t<div class=\"elementor-column-wrap elementor-element-populated\">\n\t\t\t\t\t\t\t<div class=\"elementor-widget-wrap\">\n\t\t\t\t\t\t<div class=\"elementor-element elementor-element-1b8b8981 elementor-widget elementor-widget-heading\" data-id=\"1b8b8981\" data-element_type=\"widget\" data-widget_type=\"heading.default\">\n\t\t\t\t<div class=\"elementor-widget-container\">\n\t\t\t<p class=\"elementor-heading-title elementor-size-default\">Our visitors<\/p>\t\t<\/div>\n\t\t\t\t<\/div>\n\t\t\t\t<div class=\"elementor-element elementor-element-3b7985fa elementor-widget elementor-widget-shortcode\" data-id=\"3b7985fa\" data-element_type=\"widget\" data-widget_type=\"shortcode.default\">\n\t\t\t\t<div class=\"elementor-widget-container\">\n\t\t\t\t\n\t\n\t\t\n\n\t\n\t\t\t\n\t\t\n\t\t\t\t\t\t\t\t\t\t\t\t\t\t\n\t\n\t\t\t\t\n\t\t\t\n\t\t\t\t<div class=\"elementor-shortcode\"><div id='mvcwid'style='text-align: left; color: #000000;'><h3 class='wps_visitor_title'>Page visitors<\/h3><div id=\"wpsvccount\"><img src='https:\/\/caravanes.santeenentreprise.com\/wp-content\/plugins\/wps-visitor-counter\/styles\/image\/Blueberry\/0.gif' alt='0'><img src='https:\/\/caravanes.santeenentreprise.com\/wp-content\/plugins\/wps-visitor-counter\/styles\/image\/Blueberry\/4.gif' alt='4'><img src='https:\/\/caravanes.santeenentreprise.com\/wp-content\/plugins\/wps-visitor-counter\/styles\/image\/Blueberry\/6.gif' alt='6'><img src='https:\/\/caravanes.santeenentreprise.com\/wp-content\/plugins\/wps-visitor-counter\/styles\/image\/Blueberry\/3.gif' alt='3'><img src='https:\/\/caravanes.santeenentreprise.com\/wp-content\/plugins\/wps-visitor-counter\/styles\/image\/Blueberry\/0.gif' alt='0'><img src='https:\/\/caravanes.santeenentreprise.com\/wp-content\/plugins\/wps-visitor-counter\/styles\/image\/Blueberry\/9.gif' alt='9'><\/div>\n\t<div id=\"wpsvctable\"><div id=\"wpsvcvisit\" style='text-align: left; color: #000000;'><img src='https:\/\/caravanes.santeenentreprise.com\/wp-content\/plugins\/wps-visitor-counter\/counter\/user_today.png'> Users Today : 0<\/div><div id=\"wpsvcyesterday\" style='text-align: left; color: #000000;'><img src='https:\/\/caravanes.santeenentreprise.com\/wp-content\/plugins\/wps-visitor-counter\/counter\/7days_user.png'> Users  Last 7 days : 62<\/div><div id=\"wpsvcyesterday\" style='text-align: left; color: #000000;'><img src='https:\/\/caravanes.santeenentreprise.com\/wp-content\/plugins\/wps-visitor-counter\/counter\/30days_user.png'> Users Last 30 days : 380<\/div><div id=\"wpsvcmonth\" style='text-align: left; color: #000000;'><img src='https:\/\/caravanes.santeenentreprise.com\/wp-content\/plugins\/wps-visitor-counter\/counter\/user_month.png'> Users This Month : 18<\/div><div id=\"wpsvctotal\" style='text-align: left; color: #000000;'><img src='https:\/\/caravanes.santeenentreprise.com\/wp-content\/plugins\/wps-visitor-counter\/counter\/user_total.png'> Total Users : 46309<\/div><\/div><div id=\"wpsvcattribution\" style='text-align: left; color: #000000;'><small>Powered By <a href=\"https:\/\/techmix.xyz\/\" rel=\"nofollow\">WPS Visitor Counter<\/a><\/small><\/div><\/div><\/div>\n\t\t\t\t<\/div>\n\t\t\t\t<\/div>\n\t\t\t\t\t\t<\/div>\n\t\t\t\t\t<\/div>\n\t\t<\/div>\n\t\t\t\t\t\t\t\t<\/div>\n\t\t\t\t\t<\/div>\n\t\t<\/section>\n\t\t\t\t<section class=\"elementor-section elementor-top-section elementor-element elementor-element-3f298305 elementor-section-boxed elementor-section-height-default elementor-section-height-default\" data-id=\"3f298305\" data-element_type=\"section\">\n\t\t\t\t\t\t<div class=\"elementor-container elementor-column-gap-default\">\n\t\t\t\t\t\t\t<div class=\"elementor-row\">\n\t\t\t\t\t<div class=\"elementor-column elementor-col-100 elementor-top-column elementor-element elementor-element-b1c0d5c\" data-id=\"b1c0d5c\" data-element_type=\"column\">\n\t\t\t<div class=\"elementor-column-wrap\">\n\t\t\t\t\t\t\t<div class=\"elementor-widget-wrap\">\n\t\t\t\t\t\t\t\t<\/div>\n\t\t\t\t\t<\/div>\n\t\t<\/div>\n\t\t\t\t\t\t\t\t<\/div>\n\t\t\t\t\t<\/div>\n\t\t<\/section>\n\t\t\t\t\t\t<\/div>\n\t\t\t\t\t\t<\/div>\n\t\t\t\t\t<\/div>","protected":false},"excerpt":{"rendered":"<p>Diab\u00e8te et risques cardiovasculaires En France : 700 000 personnes vivent avec le diab\u00e8te sans le savoir \u00a0 5 millions de personnes ignorent leur hypertension 7 millions de personnes ignorent [&hellip;]<\/p>","protected":false},"author":5,"featured_media":0,"parent":0,"menu_order":0,"comment_status":"closed","ping_status":"closed","template":"elementor_canvas","meta":{"_regular_price":[],"currency_symbol":[],"footnotes":""},"class_list":["post-10682","page","type-page","status-publish","hentry"],"post_slider_layout_featured_media_urls":{"thumbnail":"","post_slider_layout_landscape_large":"","post_slider_layout_portrait_large":"","post_slider_layout_square_large":"","post_slider_layout_landscape":"","post_slider_layout_portrait":"","post_slider_layout_square":"","full":""},"jetpack_sharing_enabled":true,"_links":{"self":[{"href":"https:\/\/caravanes.santeenentreprise.com\/en\/wp-json\/wp\/v2\/pages\/10682","targetHints":{"allow":["GET"]}}],"collection":[{"href":"https:\/\/caravanes.santeenentreprise.com\/en\/wp-json\/wp\/v2\/pages"}],"about":[{"href":"https:\/\/caravanes.santeenentreprise.com\/en\/wp-json\/wp\/v2\/types\/page"}],"author":[{"embeddable":true,"href":"https:\/\/caravanes.santeenentreprise.com\/en\/wp-json\/wp\/v2\/users\/5"}],"replies":[{"embeddable":true,"href":"https:\/\/caravanes.santeenentreprise.com\/en\/wp-json\/wp\/v2\/comments?post=10682"}],"version-history":[{"count":87,"href":"https:\/\/caravanes.santeenentreprise.com\/en\/wp-json\/wp\/v2\/pages\/10682\/revisions"}],"predecessor-version":[{"id":10914,"href":"https:\/\/caravanes.santeenentreprise.com\/en\/wp-json\/wp\/v2\/pages\/10682\/revisions\/10914"}],"wp:attachment":[{"href":"https:\/\/caravanes.santeenentreprise.com\/en\/wp-json\/wp\/v2\/media?parent=10682"}],"curies":[{"name":"wp","href":"https:\/\/api.w.org\/{rel}","templated":true}]}}