{"id":12026,"date":"2023-11-01T19:21:59","date_gmt":"2023-11-01T19:21:59","guid":{"rendered":"https:\/\/caravanes.santeenentreprise.com\/?page_id=12026"},"modified":"2023-12-05T14:37:03","modified_gmt":"2023-12-05T14:37:03","slug":"journee-sante-capgemini-du-12-decembre-2023","status":"publish","type":"page","link":"https:\/\/caravanes.santeenentreprise.com\/en\/journee-sante-capgemini-du-12-decembre-2023\/","title":{"rendered":"Journ\u00e9e sant\u00e9 CAPGEMINI du 12 d\u00e9cembre 2023"},"content":{"rendered":"<div data-elementor-type=\"wp-page\" data-elementor-id=\"12026\" class=\"elementor elementor-12026\" data-elementor-settings=\"[]\">\n\t\t\t\t\t\t<div class=\"elementor-inner\">\n\t\t\t\t\t\t\t<div class=\"elementor-section-wrap\">\n\t\t\t\t\t\t\t<section class=\"elementor-section elementor-top-section elementor-element elementor-element-47608190 elementor-section-boxed elementor-section-height-default elementor-section-height-default\" data-id=\"47608190\" data-element_type=\"section\">\n\t\t\t\t\t\t<div class=\"elementor-container elementor-column-gap-default\">\n\t\t\t\t\t\t\t<div class=\"elementor-row\">\n\t\t\t\t\t<div class=\"elementor-column elementor-col-100 elementor-top-column elementor-element elementor-element-140dff24\" data-id=\"140dff24\" data-element_type=\"column\">\n\t\t\t<div class=\"elementor-column-wrap elementor-element-populated\">\n\t\t\t\t\t\t\t<div class=\"elementor-widget-wrap\">\n\t\t\t\t\t\t<div class=\"elementor-element elementor-element-62667cfa elementor-widget elementor-widget-image\" data-id=\"62667cfa\" data-element_type=\"widget\" data-widget_type=\"image.default\">\n\t\t\t\t<div class=\"elementor-widget-container\">\n\t\t\t\t\t\t\t\t<div class=\"elementor-image\">\n\t\t\t\t\t\t\t\t\t\t\t\t<img decoding=\"async\" width=\"1920\" height=\"844\" src=\"https:\/\/caravanes.santeenentreprise.com\/wp-content\/uploads\/2023\/11\/Chro-capgemini.png\" class=\"attachment-full size-full\" alt=\"\" srcset=\"https:\/\/caravanes.santeenentreprise.com\/wp-content\/uploads\/2023\/11\/Chro-capgemini.png 1920w, https:\/\/caravanes.santeenentreprise.com\/wp-content\/uploads\/2023\/11\/Chro-capgemini-300x132.png 300w, https:\/\/caravanes.santeenentreprise.com\/wp-content\/uploads\/2023\/11\/Chro-capgemini-1024x450.png 1024w, https:\/\/caravanes.santeenentreprise.com\/wp-content\/uploads\/2023\/11\/Chro-capgemini-768x338.png 768w, https:\/\/caravanes.santeenentreprise.com\/wp-content\/uploads\/2023\/11\/Chro-capgemini-1536x675.png 1536w, https:\/\/caravanes.santeenentreprise.com\/wp-content\/uploads\/2023\/11\/Chro-capgemini-18x8.png 18w, https:\/\/caravanes.santeenentreprise.com\/wp-content\/uploads\/2023\/11\/Chro-capgemini-1320x580.png 1320w, https:\/\/caravanes.santeenentreprise.com\/wp-content\/uploads\/2023\/11\/Chro-capgemini-600x264.png 600w\" sizes=\"(max-width: 1920px) 100vw, 1920px\" \/>\t\t\t\t\t\t\t\t\t\t\t\t\t\t<\/div>\n\t\t\t\t\t\t<\/div>\n\t\t\t\t<\/div>\n\t\t\t\t\t\t<\/div>\n\t\t\t\t\t<\/div>\n\t\t<\/div>\n\t\t\t\t\t\t\t\t<\/div>\n\t\t\t\t\t<\/div>\n\t\t<\/section>\n\t\t\t\t<section class=\"elementor-section elementor-top-section elementor-element elementor-element-376540cf elementor-section-boxed elementor-section-height-default elementor-section-height-default\" data-id=\"376540cf\" data-element_type=\"section\">\n\t\t\t\t\t\t<div class=\"elementor-container elementor-column-gap-default\">\n\t\t\t\t\t\t\t<div class=\"elementor-row\">\n\t\t\t\t\t<div class=\"elementor-column elementor-col-100 elementor-top-column elementor-element elementor-element-30d7e79\" data-id=\"30d7e79\" data-element_type=\"column\">\n\t\t\t<div class=\"elementor-column-wrap elementor-element-populated\">\n\t\t\t\t\t\t\t<div class=\"elementor-widget-wrap\">\n\t\t\t\t\t\t<div class=\"elementor-element elementor-element-87c06d5 elementor-widget elementor-widget-heading\" data-id=\"87c06d5\" data-element_type=\"widget\" data-widget_type=\"heading.default\">\n\t\t\t\t<div class=\"elementor-widget-container\">\n\t\t\t<p class=\"elementor-heading-title elementor-size-default\">Diab\u00e8te et risques cardiovasculaires<\/p>\t\t<\/div>\n\t\t\t\t<\/div>\n\t\t\t\t\t\t<\/div>\n\t\t\t\t\t<\/div>\n\t\t<\/div>\n\t\t\t\t\t\t\t\t<\/div>\n\t\t\t\t\t<\/div>\n\t\t<\/section>\n\t\t\t\t<section class=\"elementor-section elementor-top-section elementor-element elementor-element-68421bcc elementor-section-boxed elementor-section-height-default elementor-section-height-default\" data-id=\"68421bcc\" data-element_type=\"section\">\n\t\t\t\t\t\t<div class=\"elementor-container elementor-column-gap-default\">\n\t\t\t\t\t\t\t<div class=\"elementor-row\">\n\t\t\t\t\t<div class=\"elementor-column elementor-col-100 elementor-top-column elementor-element elementor-element-3ef339f7\" data-id=\"3ef339f7\" data-element_type=\"column\">\n\t\t\t<div class=\"elementor-column-wrap elementor-element-populated\">\n\t\t\t\t\t\t\t<div class=\"elementor-widget-wrap\">\n\t\t\t\t\t\t<div class=\"elementor-element elementor-element-1ae5b72f elementor-widget elementor-widget-text-editor\" data-id=\"1ae5b72f\" data-element_type=\"widget\" data-widget_type=\"text-editor.default\">\n\t\t\t\t<div class=\"elementor-widget-container\">\n\t\t\t\t\t\t\t\t<div class=\"elementor-text-editor elementor-clearfix\">\n\t\t\t\t<p><span style=\"color: #000000;\">En France :<\/span><\/p><ul><li><span style=\"color: #000000;\">700 000 personnes vivent avec le diab\u00e8te sans le savoir<\/span><p>\u00a0<\/p><\/li><li><p><span style=\"color: #000000;\">5 millions de personnes ignorent leur hypertension<\/span><\/p><\/li><li><p><span style=\"color: #000000;\">7 millions de personnes ignorent leur taux de cholest\u00e9rol \u00e9lev\u00e9<\/span><\/p><\/li><li><p><span style=\"color: #000000;\">155 000 cas d\u2019AVC par an, premi\u00e8re cause de handicap acquis chez l\u2019adulte<\/span><\/p><\/li><\/ul>\t\t\t\t\t<\/div>\n\t\t\t\t\t\t<\/div>\n\t\t\t\t<\/div>\n\t\t\t\t<div class=\"elementor-element elementor-element-66155a83 elementor-widget elementor-widget-heading\" data-id=\"66155a83\" data-element_type=\"widget\" data-widget_type=\"heading.default\">\n\t\t\t\t<div class=\"elementor-widget-container\">\n\t\t\t<p class=\"elementor-heading-title elementor-size-default\">Le diab\u00e8te et les maladies cardiovasculaires ne se voient pas. Ils se d\u00e9pistent !<\/p>\t\t<\/div>\n\t\t\t\t<\/div>\n\t\t\t\t<div class=\"elementor-element elementor-element-723e390d elementor-widget elementor-widget-heading\" data-id=\"723e390d\" data-element_type=\"widget\" data-widget_type=\"heading.default\">\n\t\t\t\t<div class=\"elementor-widget-container\">\n\t\t\t<p class=\"elementor-heading-title elementor-size-default\">Venez-vous faire d\u00e9pister \u00e0 l\u2019occasion des journ\u00e9es sant\u00e9 organis\u00e9es sur site par l\u2019association Sant\u00e9 en entreprise (SEE) en partenariat avec CAPGEMINI.<\/p>\t\t<\/div>\n\t\t\t\t<\/div>\n\t\t\t\t<div class=\"elementor-element elementor-element-3a976d05 elementor-widget elementor-widget-text-editor\" data-id=\"3a976d05\" data-element_type=\"widget\" data-widget_type=\"text-editor.default\">\n\t\t\t\t<div class=\"elementor-widget-container\">\n\t\t\t\t\t\t\t\t<div class=\"elementor-text-editor elementor-clearfix\">\n\t\t\t\t<table><tbody><tr><td width=\"141\"><strong><span style=\"color: #800080;\">Date :<\/span><\/strong><\/td><td width=\"359\"><strong>\u00a0<span style=\"color: #000000;\">12 D\u00e9cembre 2023<br \/><\/span><\/strong><\/td><\/tr><tr><td width=\"141\"><strong><span style=\"color: #800080;\">Horaires :<\/span><\/strong><\/td><td width=\"359\"><p>\u00a0<\/p><p><strong><span style=\"color: #000000;\">11h \u2013 14h d\u00e9pistages <\/span><\/strong><\/p><p><strong><span style=\"color: #000000;\">11H 30 Conf\u00e9rence <\/span><\/strong><\/p><p><strong><span style=\"color: #000000;\">12h &#8211; 14h deux ateliers de d\u00e9monstration au d\u00e9fibrillateur cardiaque<br \/><\/span><\/strong><\/p><\/td><\/tr><tr><td width=\"141\"><p><strong><span style=\"color: #800080;\">Site :<\/span><\/strong><\/p><\/td><td width=\"359\"><strong><span style=\"color: #000000;\">\u00a076 avenue Kl\u00e9ber<br \/>75016 Paris<\/span><\/strong><\/td><\/tr><tr><td width=\"141\"><p><strong><span style=\"color: #800080;\">Salle :<br \/><\/span><\/strong><\/p><\/td><td width=\"359\"><strong><span style=\"color: #000000;\">Salle de r\u00e9union au rdc<\/span>\u00a0<\/strong> <\/td><\/tr><tr><td width=\"141\"><p><strong><span style=\"color: #800080;\">Service propos\u00e9 :<\/span><\/strong><\/p><\/td><td width=\"359\"><p><strong><span style=\"color: #000000;\">1. D\u00e9pistage combin\u00e9, simple rapide et fiable : tension art\u00e9rielle, glyc\u00e9me, cholest\u00e9rol, urinaire sur la base du volontariat<\/span><\/strong><br \/><strong><span style=\"color: #000000;\">2. Remise imm\u00e9diate des r\u00e9sultats<\/span><\/strong><br \/><strong><span style=\"color: #000000;\">3. Conseil pr\u00e9ventif<\/span><\/strong><br \/><strong><span style=\"color: #000000;\">4. Orientation si n\u00e9cessaire vers votre m\u00e9decin traitant\u00a0<\/span><\/strong><\/p><\/td><\/tr><tr><td width=\"141\"><p><strong><span style=\"color: #800080;\">D\u00e9roulement :<\/span><\/strong><\/p><\/td><td width=\"359\"><p><strong><span style=\"color: #000000;\">D\u00e9pistage r\u00e9alis\u00e9 sur rdv, en 10 minutes par une infirmi\u00e8re Volontaire, gratuit, anonyme et confidentiel.<\/span><\/strong><\/p><\/td><\/tr><tr><td width=\"141\"><p><span style=\"color: #800080;\"><strong>Pour s\u2019inscrire :<\/strong><\/span><\/p><\/td><td width=\"359\"><p><strong><a href=\"https:\/\/bit.ly\/46DTRPm\">https:\/\/bit.ly\/46DTRPm<\/a><\/strong><\/p><\/td><\/tr><tr><td colspan=\"2\" width=\"501\"><p><span style=\"color: #000000;\">SANTE EN ENTREPRISE (SEE) est une association loi 1901 d\u00e9clar\u00e9e \u00e0 Paris.<\/span><br \/><span style=\"color: #000000;\">Sa mission est de mettre en place des actions de sensibilisation et de pr\u00e9vention contre les maladies chroniques destin\u00e9es aux employ\u00e9s.<\/span><br \/><a href=\"http:\/\/www.santeenentreprise.com\">www.santeenentreprise.com<\/a><\/p><\/td><\/tr><\/tbody><\/table>\t\t\t\t\t<\/div>\n\t\t\t\t\t\t<\/div>\n\t\t\t\t<\/div>\n\t\t\t\t\t\t<\/div>\n\t\t\t\t\t<\/div>\n\t\t<\/div>\n\t\t\t\t\t\t\t\t<\/div>\n\t\t\t\t\t<\/div>\n\t\t<\/section>\n\t\t\t\t<section class=\"elementor-section elementor-top-section elementor-element elementor-element-36400e42 elementor-section-boxed elementor-section-height-default elementor-section-height-default\" data-id=\"36400e42\" data-element_type=\"section\">\n\t\t\t\t\t\t<div class=\"elementor-container elementor-column-gap-default\">\n\t\t\t\t\t\t\t<div class=\"elementor-row\">\n\t\t\t\t\t<div class=\"elementor-column elementor-col-50 elementor-top-column elementor-element elementor-element-1a4534a7\" data-id=\"1a4534a7\" data-element_type=\"column\">\n\t\t\t<div class=\"elementor-column-wrap elementor-element-populated\">\n\t\t\t\t\t\t\t<div class=\"elementor-widget-wrap\">\n\t\t\t\t\t\t<div class=\"elementor-element elementor-element-6a670674 elementor-widget elementor-widget-heading\" data-id=\"6a670674\" data-element_type=\"widget\" data-widget_type=\"heading.default\">\n\t\t\t\t<div class=\"elementor-widget-container\">\n\t\t\t<p class=\"elementor-heading-title elementor-size-default\">Partager la nouvelle !<\/p>\t\t<\/div>\n\t\t\t\t<\/div>\n\t\t\t\t<div class=\"elementor-element elementor-element-3f568e61 elementor-share-buttons--view-icon elementor-share-buttons--align-center elementor-share-buttons--skin-gradient elementor-share-buttons--shape-square elementor-grid-0 elementor-share-buttons--color-official elementor-widget elementor-widget-share-buttons\" data-id=\"3f568e61\" data-element_type=\"widget\" data-widget_type=\"share-buttons.default\">\n\t\t\t\t<div class=\"elementor-widget-container\">\n\t\t\t\t\t<div class=\"elementor-grid\">\n\t\t\t\t\t\t\t\t<div class=\"elementor-grid-item\">\n\t\t\t\t\t\t<div class=\"elementor-share-btn elementor-share-btn_whatsapp\">\n\t\t\t\t\t\t\t\t\t\t\t\t\t\t\t<span class=\"elementor-share-btn__icon\">\n\t\t\t\t\t\t\t\t<i class=\"fab fa-whatsapp\"\n\t\t\t\t\t\t\t\t   aria-hidden=\"true\"><\/i>\n\t\t\t\t\t\t\t\t<span\n\t\t\t\t\t\t\t\t\tclass=\"elementor-screen-only\">Share on whatsapp<\/span>\n\t\t\t\t\t\t\t<\/span>\n\t\t\t\t\t\t\t\t\t\t\t\t\t\t\t\t\t\t\t\t<\/div>\n\t\t\t\t\t<\/div>\n\t\t\t\t\t\t\t\t\t<div class=\"elementor-grid-item\">\n\t\t\t\t\t\t<div class=\"elementor-share-btn elementor-share-btn_facebook\">\n\t\t\t\t\t\t\t\t\t\t\t\t\t\t\t<span class=\"elementor-share-btn__icon\">\n\t\t\t\t\t\t\t\t<i class=\"fab fa-facebook\"\n\t\t\t\t\t\t\t\t   aria-hidden=\"true\"><\/i>\n\t\t\t\t\t\t\t\t<span\n\t\t\t\t\t\t\t\t\tclass=\"elementor-screen-only\">Share on facebook<\/span>\n\t\t\t\t\t\t\t<\/span>\n\t\t\t\t\t\t\t\t\t\t\t\t\t\t\t\t\t\t\t\t<\/div>\n\t\t\t\t\t<\/div>\n\t\t\t\t\t\t\t\t\t<div class=\"elementor-grid-item\">\n\t\t\t\t\t\t<div class=\"elementor-share-btn elementor-share-btn_twitter\">\n\t\t\t\t\t\t\t\t\t\t\t\t\t\t\t<span class=\"elementor-share-btn__icon\">\n\t\t\t\t\t\t\t\t<i class=\"fab fa-twitter\"\n\t\t\t\t\t\t\t\t   aria-hidden=\"true\"><\/i>\n\t\t\t\t\t\t\t\t<span\n\t\t\t\t\t\t\t\t\tclass=\"elementor-screen-only\">Share on twitter<\/span>\n\t\t\t\t\t\t\t<\/span>\n\t\t\t\t\t\t\t\t\t\t\t\t\t\t\t\t\t\t\t\t<\/div>\n\t\t\t\t\t<\/div>\n\t\t\t\t\t\t\t\t\t<div class=\"elementor-grid-item\">\n\t\t\t\t\t\t<div class=\"elementor-share-btn elementor-share-btn_linkedin\">\n\t\t\t\t\t\t\t\t\t\t\t\t\t\t\t<span class=\"elementor-share-btn__icon\">\n\t\t\t\t\t\t\t\t<i class=\"fab fa-linkedin\"\n\t\t\t\t\t\t\t\t   aria-hidden=\"true\"><\/i>\n\t\t\t\t\t\t\t\t<span\n\t\t\t\t\t\t\t\t\tclass=\"elementor-screen-only\">Share on linkedin<\/span>\n\t\t\t\t\t\t\t<\/span>\n\t\t\t\t\t\t\t\t\t\t\t\t\t\t\t\t\t\t\t\t<\/div>\n\t\t\t\t\t<\/div>\n\t\t\t\t\t\t\t\t\t<div class=\"elementor-grid-item\">\n\t\t\t\t\t\t<div class=\"elementor-share-btn elementor-share-btn_email\">\n\t\t\t\t\t\t\t\t\t\t\t\t\t\t\t<span class=\"elementor-share-btn__icon\">\n\t\t\t\t\t\t\t\t<i class=\"fas fa-envelope\"\n\t\t\t\t\t\t\t\t   aria-hidden=\"true\"><\/i>\n\t\t\t\t\t\t\t\t<span\n\t\t\t\t\t\t\t\t\tclass=\"elementor-screen-only\">Share on email<\/span>\n\t\t\t\t\t\t\t<\/span>\n\t\t\t\t\t\t\t\t\t\t\t\t\t\t\t\t\t\t\t\t<\/div>\n\t\t\t\t\t<\/div>\n\t\t\t\t\t\t<\/div>\n\t\t\t\t<\/div>\n\t\t\t\t<\/div>\n\t\t\t\t\t\t<\/div>\n\t\t\t\t\t<\/div>\n\t\t<\/div>\n\t\t\t\t<div class=\"elementor-column elementor-col-50 elementor-top-column elementor-element elementor-element-78d0e6c8\" data-id=\"78d0e6c8\" data-element_type=\"column\">\n\t\t\t<div class=\"elementor-column-wrap elementor-element-populated\">\n\t\t\t\t\t\t\t<div class=\"elementor-widget-wrap\">\n\t\t\t\t\t\t<div class=\"elementor-element elementor-element-4ed0853d elementor-widget elementor-widget-heading\" data-id=\"4ed0853d\" data-element_type=\"widget\" data-widget_type=\"heading.default\">\n\t\t\t\t<div class=\"elementor-widget-container\">\n\t\t\t<p class=\"elementor-heading-title elementor-size-default\">Our visitors<\/p>\t\t<\/div>\n\t\t\t\t<\/div>\n\t\t\t\t<div class=\"elementor-element elementor-element-777d55c8 elementor-widget elementor-widget-shortcode\" data-id=\"777d55c8\" data-element_type=\"widget\" data-widget_type=\"shortcode.default\">\n\t\t\t\t<div class=\"elementor-widget-container\">\n\t\t\t\t\n\t\n\t\t\n\n\t\n\t\t\t\n\t\t\n\t\t\t\t\t\t\t\t\t\t\t\t\t\t\n\t\n\t\t\t\t\n\t\t\t\n\t\t\t\t<div class=\"elementor-shortcode\"><div id='mvcwid'style='text-align: left; color: #000000;'><h3 class='wps_visitor_title'>Page visitors<\/h3><div id=\"wpsvccount\"><img src='https:\/\/caravanes.santeenentreprise.com\/wp-content\/plugins\/wps-visitor-counter\/styles\/image\/Blueberry\/0.gif' alt='0'><img src='https:\/\/caravanes.santeenentreprise.com\/wp-content\/plugins\/wps-visitor-counter\/styles\/image\/Blueberry\/4.gif' alt='4'><img src='https:\/\/caravanes.santeenentreprise.com\/wp-content\/plugins\/wps-visitor-counter\/styles\/image\/Blueberry\/6.gif' alt='6'><img src='https:\/\/caravanes.santeenentreprise.com\/wp-content\/plugins\/wps-visitor-counter\/styles\/image\/Blueberry\/2.gif' alt='2'><img src='https:\/\/caravanes.santeenentreprise.com\/wp-content\/plugins\/wps-visitor-counter\/styles\/image\/Blueberry\/0.gif' alt='0'><img src='https:\/\/caravanes.santeenentreprise.com\/wp-content\/plugins\/wps-visitor-counter\/styles\/image\/Blueberry\/6.gif' alt='6'><\/div>\n\t<div id=\"wpsvctable\"><div id=\"wpsvcvisit\" style='text-align: left; color: #000000;'><img src='https:\/\/caravanes.santeenentreprise.com\/wp-content\/plugins\/wps-visitor-counter\/counter\/user_today.png'> Users Today : 3<\/div><div id=\"wpsvcyesterday\" style='text-align: left; color: #000000;'><img src='https:\/\/caravanes.santeenentreprise.com\/wp-content\/plugins\/wps-visitor-counter\/counter\/7days_user.png'> Users  Last 7 days : 100<\/div><div id=\"wpsvcyesterday\" style='text-align: left; color: #000000;'><img src='https:\/\/caravanes.santeenentreprise.com\/wp-content\/plugins\/wps-visitor-counter\/counter\/30days_user.png'> Users Last 30 days : 557<\/div><div id=\"wpsvcmonth\" style='text-align: left; color: #000000;'><img src='https:\/\/caravanes.santeenentreprise.com\/wp-content\/plugins\/wps-visitor-counter\/counter\/user_month.png'> Users This Month : 334<\/div><div id=\"wpsvctotal\" style='text-align: left; color: #000000;'><img src='https:\/\/caravanes.santeenentreprise.com\/wp-content\/plugins\/wps-visitor-counter\/counter\/user_total.png'> Total Users : 46206<\/div><\/div><div id=\"wpsvcattribution\" style='text-align: left; color: #000000;'><small>Powered By <a href=\"https:\/\/techmix.xyz\/\" rel=\"nofollow\">WPS Visitor Counter<\/a><\/small><\/div><\/div><\/div>\n\t\t\t\t<\/div>\n\t\t\t\t<\/div>\n\t\t\t\t\t\t<\/div>\n\t\t\t\t\t<\/div>\n\t\t<\/div>\n\t\t\t\t\t\t\t\t<\/div>\n\t\t\t\t\t<\/div>\n\t\t<\/section>\n\t\t\t\t<section class=\"elementor-section elementor-top-section elementor-element elementor-element-745d8e9e elementor-section-boxed elementor-section-height-default elementor-section-height-default\" data-id=\"745d8e9e\" data-element_type=\"section\">\n\t\t\t\t\t\t<div class=\"elementor-container elementor-column-gap-default\">\n\t\t\t\t\t\t\t<div class=\"elementor-row\">\n\t\t\t\t\t<div class=\"elementor-column elementor-col-100 elementor-top-column elementor-element elementor-element-38ca84ce\" data-id=\"38ca84ce\" data-element_type=\"column\">\n\t\t\t<div class=\"elementor-column-wrap\">\n\t\t\t\t\t\t\t<div class=\"elementor-widget-wrap\">\n\t\t\t\t\t\t\t\t<\/div>\n\t\t\t\t\t<\/div>\n\t\t<\/div>\n\t\t\t\t\t\t\t\t<\/div>\n\t\t\t\t\t<\/div>\n\t\t<\/section>\n\t\t\t\t\t\t<\/div>\n\t\t\t\t\t\t<\/div>\n\t\t\t\t\t<\/div>","protected":false},"excerpt":{"rendered":"<p>Diab\u00e8te et risques cardiovasculaires En France : 700 000 personnes vivent avec le diab\u00e8te sans le savoir \u00a0 5 millions de personnes ignorent leur hypertension 7 millions de personnes ignorent [&hellip;]<\/p>","protected":false},"author":5,"featured_media":0,"parent":0,"menu_order":0,"comment_status":"closed","ping_status":"closed","template":"elementor_canvas","meta":{"_regular_price":[],"currency_symbol":[],"footnotes":""},"class_list":["post-12026","page","type-page","status-publish","hentry"],"post_slider_layout_featured_media_urls":{"thumbnail":"","post_slider_layout_landscape_large":"","post_slider_layout_portrait_large":"","post_slider_layout_square_large":"","post_slider_layout_landscape":"","post_slider_layout_portrait":"","post_slider_layout_square":"","full":""},"jetpack_sharing_enabled":true,"_links":{"self":[{"href":"https:\/\/caravanes.santeenentreprise.com\/en\/wp-json\/wp\/v2\/pages\/12026","targetHints":{"allow":["GET"]}}],"collection":[{"href":"https:\/\/caravanes.santeenentreprise.com\/en\/wp-json\/wp\/v2\/pages"}],"about":[{"href":"https:\/\/caravanes.santeenentreprise.com\/en\/wp-json\/wp\/v2\/types\/page"}],"author":[{"embeddable":true,"href":"https:\/\/caravanes.santeenentreprise.com\/en\/wp-json\/wp\/v2\/users\/5"}],"replies":[{"embeddable":true,"href":"https:\/\/caravanes.santeenentreprise.com\/en\/wp-json\/wp\/v2\/comments?post=12026"}],"version-history":[{"count":20,"href":"https:\/\/caravanes.santeenentreprise.com\/en\/wp-json\/wp\/v2\/pages\/12026\/revisions"}],"predecessor-version":[{"id":12976,"href":"https:\/\/caravanes.santeenentreprise.com\/en\/wp-json\/wp\/v2\/pages\/12026\/revisions\/12976"}],"wp:attachment":[{"href":"https:\/\/caravanes.santeenentreprise.com\/en\/wp-json\/wp\/v2\/media?parent=12026"}],"curies":[{"name":"wp","href":"https:\/\/api.w.org\/{rel}","templated":true}]}}