{"id":14385,"date":"2024-05-06T14:35:53","date_gmt":"2024-05-06T14:35:53","guid":{"rendered":"https:\/\/caravanes.santeenentreprise.com\/?page_id=14385"},"modified":"2024-05-06T22:37:12","modified_gmt":"2024-05-06T22:37:12","slug":"rdv-atelier-gestes-et-postures","status":"publish","type":"page","link":"https:\/\/caravanes.santeenentreprise.com\/en\/rdv-atelier-gestes-et-postures\/","title":{"rendered":"RDV Atelier Gestes et Postures"},"content":{"rendered":"<div data-elementor-type=\"wp-page\" data-elementor-id=\"14385\" class=\"elementor elementor-14385\" data-elementor-settings=\"[]\">\n\t\t\t\t\t\t<div class=\"elementor-inner\">\n\t\t\t\t\t\t\t<div class=\"elementor-section-wrap\">\n\t\t\t\t\t\t\t<section class=\"elementor-section elementor-top-section elementor-element elementor-element-37d50f8f elementor-section-boxed elementor-section-height-default elementor-section-height-default\" data-id=\"37d50f8f\" data-element_type=\"section\">\n\t\t\t\t\t\t<div class=\"elementor-container elementor-column-gap-default\">\n\t\t\t\t\t\t\t<div class=\"elementor-row\">\n\t\t\t\t\t<div class=\"elementor-column elementor-col-100 elementor-top-column elementor-element elementor-element-6d2f29a3\" data-id=\"6d2f29a3\" data-element_type=\"column\">\n\t\t\t<div class=\"elementor-column-wrap elementor-element-populated\">\n\t\t\t\t\t\t\t<div class=\"elementor-widget-wrap\">\n\t\t\t\t\t\t<div class=\"elementor-element elementor-element-15cb1a94 elementor-widget elementor-widget-text-editor\" data-id=\"15cb1a94\" data-element_type=\"widget\" data-widget_type=\"text-editor.default\">\n\t\t\t\t<div class=\"elementor-widget-container\">\n\t\t\t\t\t\t\t\t<div class=\"elementor-text-editor elementor-clearfix\">\n\t\t\t\t<p><!-- wp:paragraph --><\/p>\n<p>Bienvenue sur la page d\u2019inscription aux Ateliers\u00a0 Gestes et Postures organis\u00e9s par l\u2019Association Sant\u00e9 en Entreprise (SEE) . La session dure en moyenne 30 minutes. Pour prendre vous inscrire, nous vous invitons \u00e0 cliquer sur la date de votre choix parmi les cr\u00e9neaux propos\u00e9s, puis \u00e0 r\u00e9server celui qui vous conviendrait le plus. Merci de r\u00e9server un seul cr\u00e9neau. Vous recevrez enfin un email de confirmation. A bient\u00f4t<\/p>\n<p>\u00a0<\/p>\n<p><div class=\"booked-calendar-shortcode-wrap\"><div class=\"booked-calendar-wrap large\"><table class=\"booked-calendar\" data-calendar-id=\"102\" data-calendar-date=\"2026-04-01\">\n\t\t<thead>\n\n\t\t\t\n\t\t\t<tr>\n\t\t\t\t<th colspan=\"7\">\n\t\t\t\t\t\t\t\t\t\t<span class=\"calendarSavingState\">\n\t\t\t\t\t\t<i class=\"booked-icon booked-icon-spinner-clock booked-icon-spin\"><\/i>\n\t\t\t\t\t<\/span>\n\t\t\t\t\t<span class=\"monthName\">\n\t\t\t\t\t\tApril 2026\t\t\t\t\t\t\t\t\t\t\t<\/span>\n\t\t\t\t\t<a href=\"#\" data-goto=\"2026-05-01\" class=\"page-right\"><i class=\"booked-icon booked-icon-arrow-right\"><\/i><\/a>\t\t\t\t<\/th>\n\t\t\t<\/tr>\n\t\t\t<tr class=\"days\">\n\t\t\t\t\t\t\t\t<th>Mon<\/th>\n\t\t\t\t<th>Tue<\/th>\n\t\t\t\t<th>Wed<\/th>\n\t\t\t\t<th>Thu<\/th>\n\t\t\t\t<th>Fri<\/th>\n\t\t\t\t<th>Sat<\/th>\t\t\t\t<th>Sun<\/th>\t\t\t<\/tr>\n\t\t<\/thead>\n\t\t<tbody><tr class=\"week\"><td data-date=\"2026-03-30\" class=\"prev-month prev-date\"><span class=\"date\"><span class=\"number\">30<\/span><\/span><\/td><td data-date=\"2026-03-31\" class=\"prev-month prev-date\"><span class=\"date\"><span class=\"number\">31<\/span><\/span><\/td><td data-date=\"2026-04-1\" class=\"prev-date\"><span class=\"date\"><span class=\"number\">1<\/span><\/span><\/td><td data-date=\"2026-04-2\" class=\"prev-date\"><span class=\"date\"><span class=\"number\">2<\/span><\/span><\/td><td data-date=\"2026-04-3\" class=\"prev-date\"><span class=\"date\"><span class=\"number\">3<\/span><\/span><\/td><td data-date=\"2026-04-4\" class=\"prev-date\"><span class=\"date\"><span class=\"number\">4<\/span><\/span><\/td><td data-date=\"2026-04-5\" class=\"prev-date\"><span class=\"date\"><span class=\"number\">5<\/span><\/span><\/td><\/tr><tr class=\"week\"><td data-date=\"2026-04-6\" class=\"prev-date\"><span class=\"date\"><span class=\"number\">6<\/span><\/span><\/td><td data-date=\"2026-04-7\" class=\"prev-date\"><span class=\"date\"><span class=\"number\">7<\/span><\/span><\/td><td data-date=\"2026-04-8\" class=\"prev-date\"><span class=\"date\"><span class=\"number\">8<\/span><\/span><\/td><td data-date=\"2026-04-9\" class=\"prev-date\"><span class=\"date\"><span class=\"number\">9<\/span><\/span><\/td><td data-date=\"2026-04-10\" class=\"prev-date\"><span class=\"date\"><span class=\"number\">10<\/span><\/span><\/td><td data-date=\"2026-04-11\" class=\"prev-date\"><span class=\"date\"><span class=\"number\">11<\/span><\/span><\/td><td data-date=\"2026-04-12\" class=\"prev-date\"><span class=\"date\"><span class=\"number\">12<\/span><\/span><\/td><\/tr><tr class=\"week\"><td data-date=\"2026-04-13\" class=\"prev-date\"><span class=\"date\"><span class=\"number\">13<\/span><\/span><\/td><td data-date=\"2026-04-14\" class=\"prev-date\"><span class=\"date\"><span class=\"number\">14<\/span><\/span><\/td><td data-date=\"2026-04-15\" class=\"prev-date\"><span class=\"date\"><span class=\"number\">15<\/span><\/span><\/td><td data-date=\"2026-04-16\" class=\"prev-date\"><span class=\"date\"><span class=\"number\">16<\/span><\/span><\/td><td data-date=\"2026-04-17\" class=\"prev-date\"><span class=\"date\"><span class=\"number\">17<\/span><\/span><\/td><td data-date=\"2026-04-18\" class=\"prev-date\"><span class=\"date\"><span class=\"number\">18<\/span><\/span><\/td><td data-date=\"2026-04-19\" class=\"prev-date\"><span class=\"date\"><span class=\"number\">19<\/span><\/span><\/td><\/tr><tr class=\"week\"><td data-date=\"2026-04-20\" class=\"prev-date\"><span class=\"date\"><span class=\"number\">20<\/span><\/span><\/td><td data-date=\"2026-04-21\" class=\"prev-date\"><span class=\"date\"><span class=\"number\">21<\/span><\/span><\/td><td data-date=\"2026-04-22\" class=\"prev-date\"><span class=\"date\"><span class=\"number\">22<\/span><\/span><\/td><td data-date=\"2026-04-23\" class=\"prev-date\"><span class=\"date\"><span class=\"number\">23<\/span><\/span><\/td><td data-date=\"2026-04-24\" class=\"prev-date\"><span class=\"date\"><span class=\"number\">24<\/span><\/span><\/td><td data-date=\"2026-04-25\" class=\"prev-date\"><span class=\"date\"><span class=\"number\">25<\/span><\/span><\/td><td data-date=\"2026-04-26\" class=\"prev-date\"><span class=\"date\"><span class=\"number\">26<\/span><\/span><\/td><\/tr><tr class=\"week\"><td data-date=\"2026-04-27\" class=\"prev-date\"><span class=\"date\"><span class=\"number\">27<\/span><\/span><\/td><td data-date=\"2026-04-28\" class=\"prev-date\"><span class=\"date\"><span class=\"number\">28<\/span><\/span><\/td><td data-date=\"2026-04-29\" class=\"prev-date\"><span class=\"date\"><span class=\"number\">29<\/span><\/span><\/td><td data-date=\"2026-04-30\" class=\"today prev-date\"><span class=\"date\"><span class=\"number\">30<\/span><\/span><\/td><td data-date=\"2026-05-1\" class=\"next-month prev-date\"><span class=\"date\"><span class=\"number\">1<\/span><\/span><\/td><td data-date=\"2026-05-2\" class=\"next-month prev-date\"><span class=\"date\"><span class=\"number\">2<\/span><\/span><\/td><td data-date=\"2026-05-3\" class=\"next-month prev-date\"><span class=\"date\"><span class=\"number\">3<\/span><\/span><\/td><\/tr>\t\t<\/tbody>\n\t<\/table><\/div><\/div><\/p>\n<p><!-- \/wp:paragraph --><\/p>\t\t\t\t\t<\/div>\n\t\t\t\t\t\t<\/div>\n\t\t\t\t<\/div>\n\t\t\t\t\t\t<\/div>\n\t\t\t\t\t<\/div>\n\t\t<\/div>\n\t\t\t\t\t\t\t\t<\/div>\n\t\t\t\t\t<\/div>\n\t\t<\/section>\n\t\t\t\t\t\t<\/div>\n\t\t\t\t\t\t<\/div>\n\t\t\t\t\t<\/div>","protected":false},"excerpt":{"rendered":"<p>Bienvenue sur la page d\u2019inscription aux Ateliers\u00a0 Gestes et Postures organis\u00e9s par l\u2019Association Sant\u00e9 en Entreprise (SEE) . La session dure en moyenne 30 minutes. Pour prendre vous inscrire, nous [&hellip;]<\/p>","protected":false},"author":5,"featured_media":0,"parent":0,"menu_order":0,"comment_status":"closed","ping_status":"closed","template":"","meta":{"_regular_price":[],"currency_symbol":[],"footnotes":""},"class_list":["post-14385","page","type-page","status-publish","hentry"],"post_slider_layout_featured_media_urls":{"thumbnail":"","post_slider_layout_landscape_large":"","post_slider_layout_portrait_large":"","post_slider_layout_square_large":"","post_slider_layout_landscape":"","post_slider_layout_portrait":"","post_slider_layout_square":"","full":""},"jetpack_sharing_enabled":true,"_links":{"self":[{"href":"https:\/\/caravanes.santeenentreprise.com\/en\/wp-json\/wp\/v2\/pages\/14385","targetHints":{"allow":["GET"]}}],"collection":[{"href":"https:\/\/caravanes.santeenentreprise.com\/en\/wp-json\/wp\/v2\/pages"}],"about":[{"href":"https:\/\/caravanes.santeenentreprise.com\/en\/wp-json\/wp\/v2\/types\/page"}],"author":[{"embeddable":true,"href":"https:\/\/caravanes.santeenentreprise.com\/en\/wp-json\/wp\/v2\/users\/5"}],"replies":[{"embeddable":true,"href":"https:\/\/caravanes.santeenentreprise.com\/en\/wp-json\/wp\/v2\/comments?post=14385"}],"version-history":[{"count":16,"href":"https:\/\/caravanes.santeenentreprise.com\/en\/wp-json\/wp\/v2\/pages\/14385\/revisions"}],"predecessor-version":[{"id":14475,"href":"https:\/\/caravanes.santeenentreprise.com\/en\/wp-json\/wp\/v2\/pages\/14385\/revisions\/14475"}],"wp:attachment":[{"href":"https:\/\/caravanes.santeenentreprise.com\/en\/wp-json\/wp\/v2\/media?parent=14385"}],"curies":[{"name":"wp","href":"https:\/\/api.w.org\/{rel}","templated":true}]}}