{"id":19280,"date":"2025-11-06T19:30:27","date_gmt":"2025-11-06T19:30:27","guid":{"rendered":"https:\/\/caravanes.santeenentreprise.com\/?page_id=19280"},"modified":"2025-11-13T15:16:40","modified_gmt":"2025-11-13T15:16:40","slug":"journee-sante-shem-engie","status":"publish","type":"page","link":"https:\/\/caravanes.santeenentreprise.com\/en\/journee-sante-shem-engie\/","title":{"rendered":"Journ\u00e9e sant\u00e9 SHEM ENGIE"},"content":{"rendered":"<div data-elementor-type=\"wp-page\" data-elementor-id=\"19280\" class=\"elementor elementor-19280\" data-elementor-settings=\"[]\">\n\t\t\t\t\t\t<div class=\"elementor-inner\">\n\t\t\t\t\t\t\t<div class=\"elementor-section-wrap\">\n\t\t\t\t\t\t\t<section class=\"elementor-section elementor-top-section elementor-element elementor-element-66adafc2 elementor-section-boxed elementor-section-height-default elementor-section-height-default\" data-id=\"66adafc2\" data-element_type=\"section\">\n\t\t\t\t\t\t<div class=\"elementor-container elementor-column-gap-default\">\n\t\t\t\t\t\t\t<div class=\"elementor-row\">\n\t\t\t\t\t<div class=\"elementor-column elementor-col-100 elementor-top-column elementor-element elementor-element-3c9d1409\" data-id=\"3c9d1409\" data-element_type=\"column\">\n\t\t\t<div class=\"elementor-column-wrap elementor-element-populated\">\n\t\t\t\t\t\t\t<div class=\"elementor-widget-wrap\">\n\t\t\t\t\t\t<div class=\"elementor-element elementor-element-3ed53383 elementor-widget elementor-widget-image\" data-id=\"3ed53383\" data-element_type=\"widget\" data-widget_type=\"image.default\">\n\t\t\t\t<div class=\"elementor-widget-container\">\n\t\t\t\t\t\t\t\t<div class=\"elementor-image\">\n\t\t\t\t\t\t\t\t\t\t\t\t<img decoding=\"async\" width=\"733\" height=\"287\" src=\"https:\/\/caravanes.santeenentreprise.com\/wp-content\/uploads\/2025\/11\/RDV-SHEM-ENGIE.png\" class=\"attachment-full size-full\" alt=\"\" srcset=\"https:\/\/caravanes.santeenentreprise.com\/wp-content\/uploads\/2025\/11\/RDV-SHEM-ENGIE.png 733w, https:\/\/caravanes.santeenentreprise.com\/wp-content\/uploads\/2025\/11\/RDV-SHEM-ENGIE-300x117.png 300w, https:\/\/caravanes.santeenentreprise.com\/wp-content\/uploads\/2025\/11\/RDV-SHEM-ENGIE-600x235.png 600w\" sizes=\"(max-width: 733px) 100vw, 733px\" \/>\t\t\t\t\t\t\t\t\t\t\t\t\t\t<\/div>\n\t\t\t\t\t\t<\/div>\n\t\t\t\t<\/div>\n\t\t\t\t\t\t<\/div>\n\t\t\t\t\t<\/div>\n\t\t<\/div>\n\t\t\t\t\t\t\t\t<\/div>\n\t\t\t\t\t<\/div>\n\t\t<\/section>\n\t\t\t\t<section class=\"elementor-section elementor-top-section elementor-element elementor-element-3f3c68d elementor-section-boxed elementor-section-height-default elementor-section-height-default\" data-id=\"3f3c68d\" data-element_type=\"section\">\n\t\t\t\t\t\t<div class=\"elementor-container elementor-column-gap-default\">\n\t\t\t\t\t\t\t<div class=\"elementor-row\">\n\t\t\t\t\t<div class=\"elementor-column elementor-col-100 elementor-top-column elementor-element elementor-element-5523efa8\" data-id=\"5523efa8\" data-element_type=\"column\">\n\t\t\t<div class=\"elementor-column-wrap elementor-element-populated\">\n\t\t\t\t\t\t\t<div class=\"elementor-widget-wrap\">\n\t\t\t\t\t\t<div class=\"elementor-element elementor-element-27cdfe9d elementor-widget elementor-widget-heading\" data-id=\"27cdfe9d\" data-element_type=\"widget\" data-widget_type=\"heading.default\">\n\t\t\t\t<div class=\"elementor-widget-container\">\n\t\t\t<p class=\"elementor-heading-title elementor-size-default\">Diab\u00e8te et risques cardiovasculaires<\/p>\t\t<\/div>\n\t\t\t\t<\/div>\n\t\t\t\t\t\t<\/div>\n\t\t\t\t\t<\/div>\n\t\t<\/div>\n\t\t\t\t\t\t\t\t<\/div>\n\t\t\t\t\t<\/div>\n\t\t<\/section>\n\t\t\t\t<section class=\"elementor-section elementor-top-section elementor-element elementor-element-4f33ba2b elementor-section-boxed elementor-section-height-default elementor-section-height-default\" data-id=\"4f33ba2b\" data-element_type=\"section\">\n\t\t\t\t\t\t<div class=\"elementor-container elementor-column-gap-default\">\n\t\t\t\t\t\t\t<div class=\"elementor-row\">\n\t\t\t\t\t<div class=\"elementor-column elementor-col-100 elementor-top-column elementor-element elementor-element-413e0338\" data-id=\"413e0338\" data-element_type=\"column\">\n\t\t\t<div class=\"elementor-column-wrap elementor-element-populated\">\n\t\t\t\t\t\t\t<div class=\"elementor-widget-wrap\">\n\t\t\t\t\t\t<div class=\"elementor-element elementor-element-f274948 elementor-widget elementor-widget-text-editor\" data-id=\"f274948\" data-element_type=\"widget\" data-widget_type=\"text-editor.default\">\n\t\t\t\t<div class=\"elementor-widget-container\">\n\t\t\t\t\t\t\t\t<div class=\"elementor-text-editor elementor-clearfix\">\n\t\t\t\t<p><span style=\"color: #000000;\">En France :<\/span><\/p><ul><li><span style=\"color: #000000;\">700 000 personnes vivent avec le diab\u00e8te sans le savoir<\/span><\/li><li><p><span style=\"color: #000000;\">5 millions de personnes ignorent leur hypertension<\/span><\/p><\/li><li><p><span style=\"color: #000000;\">7 millions de personnes ignorent leur taux de cholest\u00e9rol \u00e9lev\u00e9<\/span><\/p><\/li><li><p><span style=\"color: #000000;\">155 000 cas d\u2019AVC par an, premi\u00e8re cause de handicap acquis chez l\u2019adulte<\/span><\/p><\/li><\/ul>\t\t\t\t\t<\/div>\n\t\t\t\t\t\t<\/div>\n\t\t\t\t<\/div>\n\t\t\t\t<div class=\"elementor-element elementor-element-25e54723 elementor-widget elementor-widget-heading\" data-id=\"25e54723\" data-element_type=\"widget\" data-widget_type=\"heading.default\">\n\t\t\t\t<div class=\"elementor-widget-container\">\n\t\t\t<p class=\"elementor-heading-title elementor-size-default\">Le diab\u00e8te et les maladies cardiovasculaires ne se voient pas. Ils se d\u00e9pistent !<\/p>\t\t<\/div>\n\t\t\t\t<\/div>\n\t\t\t\t<div class=\"elementor-element elementor-element-3866c70f elementor-widget elementor-widget-heading\" data-id=\"3866c70f\" data-element_type=\"widget\" data-widget_type=\"heading.default\">\n\t\t\t\t<div class=\"elementor-widget-container\">\n\t\t\t<p class=\"elementor-heading-title elementor-size-default\">Venez-vous faire d\u00e9pister \u00e0 l\u2019occasion des journ\u00e9es sant\u00e9 organis\u00e9es sur site par Sant\u00e9 en entreprise (SEE SERVICES) en partenariat avec SHEM<\/p>\t\t<\/div>\n\t\t\t\t<\/div>\n\t\t\t\t<div class=\"elementor-element elementor-element-7f0b02b4 elementor-widget elementor-widget-text-editor\" data-id=\"7f0b02b4\" data-element_type=\"widget\" data-widget_type=\"text-editor.default\">\n\t\t\t\t<div class=\"elementor-widget-container\">\n\t\t\t\t\t\t\t\t<div class=\"elementor-text-editor elementor-clearfix\">\n\t\t\t\t<p>\u00a0<\/p><table><tbody><tr><td width=\"141\"><strong><span style=\"color: #800080;\">Date :<\/span><\/strong><\/td><td width=\"359\"><strong>\u00a0<span style=\"color: #000000;\">24<\/span> <span style=\"color: #000000;\">Novembre 2025<br \/><\/span><\/strong><\/td><\/tr><tr><td width=\"141\"><strong><span style=\"color: #800080;\">Horaires :<\/span><\/strong><\/td><td width=\"359\"><strong><span style=\"color: #000000;\">9h \u2013 16h<\/span><\/strong><\/td><\/tr><tr><td width=\"141\"><strong><span style=\"color: #800080;\">Site :<\/span><\/strong><\/td><td width=\"359\"><strong><span style=\"color: #000000;\">\u00a0SHEM<\/span><\/strong><br \/><strong><span style=\"color: #000000;\">Atelier de LARUNS , 2 Rue de Gerp 64440 LARUNS<\/span><\/strong><\/td><\/tr><tr><td width=\"141\"><strong><span style=\"color: #800080;\">Salle :<br \/><\/span><\/strong><\/td><td width=\"359\"><p><strong><span style=\"color: #000000;\">\u00a0<\/span><\/strong><\/p><\/td><\/tr><tr><td width=\"141\"><strong><span style=\"color: #800080;\">Service propos\u00e9 :<\/span><\/strong><\/td><td width=\"359\"><p><strong><span style=\"color: #000000;\">1. D\u00e9pistage combin\u00e9, simple rapide et fiable : tension art\u00e9rielle, glyc\u00e9me, cholest\u00e9rol<\/span><\/strong><strong><span style=\"color: #000000;\"><br \/>2. Remise imm\u00e9diate des r\u00e9sultats<\/span><\/strong><span style=\"color: #000000;\"><strong><br \/>3. Conseil pr\u00e9ventif<\/strong><\/span><span style=\"color: #000000;\"><strong><br \/>4. Une Di\u00e9t\u00e9ticienne<\/strong><\/span><strong><span style=\"color: #000000;\"><br \/>5. Orientation si n\u00e9cessaire vers votre m\u00e9decin traitant\u00a0<\/span><\/strong><\/p><\/td><\/tr><tr><td width=\"141\"><strong><span style=\"color: #800080;\">D\u00e9roulement :<\/span><\/strong><\/td><td width=\"359\"><strong><span style=\"color: #000000;\">D\u00e9pistage r\u00e9alis\u00e9 sur rdv, en 10 minutes par une infirmi\u00e8re, gratuit, anonyme et confidentiel. avec la possibilit\u00e9 de voir volontairement une di\u00e9t\u00e9ticienne pour un court entretien.<\/span><\/strong><\/td><\/tr><tr><td width=\"141\"><span style=\"color: #800080;\"><strong>Pour s\u2019inscrire :<\/strong><\/span><\/td><td width=\"359\"><strong><a href=\"https:\/\/bit.ly\/4oS2wqP\">https:\/\/bit.ly\/4oS2wqP<\/a><\/strong><\/td><\/tr><tr><td colspan=\"2\" width=\"501\"><span style=\"color: #000000;\">Cr\u00e9\u00e9e par l\u2019Association Sant\u00e9 en Entreprise (SEE), <strong data-start=\"51\" data-end=\"67\">SEE Services<\/strong>\u00a0con\u00e7oit et d\u00e9ploie des programmes de pr\u00e9vention et d\u2019innovation en sant\u00e9 adapt\u00e9s aux enjeux actuels et futurs. Elle accompagne entreprises, startups, mutuelles, assureurs et organisations internationales avec des services de pr\u00e9vention, de conseil, de formation et des solutions num\u00e9riques \u00e0 fort impact.<\/span><br \/><strong><a href=\"http:\/\/www.santeenentreprise.com\">www.santeenentreprise.com<\/a><\/strong><\/td><\/tr><\/tbody><\/table>\t\t\t\t\t<\/div>\n\t\t\t\t\t\t<\/div>\n\t\t\t\t<\/div>\n\t\t\t\t\t\t<\/div>\n\t\t\t\t\t<\/div>\n\t\t<\/div>\n\t\t\t\t\t\t\t\t<\/div>\n\t\t\t\t\t<\/div>\n\t\t<\/section>\n\t\t\t\t<section class=\"elementor-section elementor-top-section elementor-element elementor-element-6d039e14 elementor-section-boxed elementor-section-height-default elementor-section-height-default\" data-id=\"6d039e14\" data-element_type=\"section\">\n\t\t\t\t\t\t<div class=\"elementor-container elementor-column-gap-default\">\n\t\t\t\t\t\t\t<div class=\"elementor-row\">\n\t\t\t\t\t<div class=\"elementor-column elementor-col-50 elementor-top-column elementor-element elementor-element-75084203\" data-id=\"75084203\" data-element_type=\"column\">\n\t\t\t<div class=\"elementor-column-wrap elementor-element-populated\">\n\t\t\t\t\t\t\t<div class=\"elementor-widget-wrap\">\n\t\t\t\t\t\t<div class=\"elementor-element elementor-element-60b259c1 elementor-widget elementor-widget-heading\" data-id=\"60b259c1\" data-element_type=\"widget\" data-widget_type=\"heading.default\">\n\t\t\t\t<div class=\"elementor-widget-container\">\n\t\t\t<p class=\"elementor-heading-title elementor-size-default\">Partager la nouvelle !<\/p>\t\t<\/div>\n\t\t\t\t<\/div>\n\t\t\t\t<div class=\"elementor-element elementor-element-15e6c421 elementor-share-buttons--view-icon elementor-share-buttons--align-center elementor-share-buttons--skin-gradient elementor-share-buttons--shape-square elementor-grid-0 elementor-share-buttons--color-official elementor-widget elementor-widget-share-buttons\" data-id=\"15e6c421\" data-element_type=\"widget\" data-widget_type=\"share-buttons.default\">\n\t\t\t\t<div class=\"elementor-widget-container\">\n\t\t\t\t\t<div class=\"elementor-grid\">\n\t\t\t\t\t\t\t\t<div class=\"elementor-grid-item\">\n\t\t\t\t\t\t<div class=\"elementor-share-btn elementor-share-btn_whatsapp\">\n\t\t\t\t\t\t\t\t\t\t\t\t\t\t\t<span class=\"elementor-share-btn__icon\">\n\t\t\t\t\t\t\t\t<i class=\"fab fa-whatsapp\"\n\t\t\t\t\t\t\t\t   aria-hidden=\"true\"><\/i>\n\t\t\t\t\t\t\t\t<span\n\t\t\t\t\t\t\t\t\tclass=\"elementor-screen-only\">Share on whatsapp<\/span>\n\t\t\t\t\t\t\t<\/span>\n\t\t\t\t\t\t\t\t\t\t\t\t\t\t\t\t\t\t\t\t<\/div>\n\t\t\t\t\t<\/div>\n\t\t\t\t\t\t\t\t\t<div class=\"elementor-grid-item\">\n\t\t\t\t\t\t<div class=\"elementor-share-btn elementor-share-btn_facebook\">\n\t\t\t\t\t\t\t\t\t\t\t\t\t\t\t<span class=\"elementor-share-btn__icon\">\n\t\t\t\t\t\t\t\t<i class=\"fab fa-facebook\"\n\t\t\t\t\t\t\t\t   aria-hidden=\"true\"><\/i>\n\t\t\t\t\t\t\t\t<span\n\t\t\t\t\t\t\t\t\tclass=\"elementor-screen-only\">Share on facebook<\/span>\n\t\t\t\t\t\t\t<\/span>\n\t\t\t\t\t\t\t\t\t\t\t\t\t\t\t\t\t\t\t\t<\/div>\n\t\t\t\t\t<\/div>\n\t\t\t\t\t\t\t\t\t<div class=\"elementor-grid-item\">\n\t\t\t\t\t\t<div class=\"elementor-share-btn elementor-share-btn_twitter\">\n\t\t\t\t\t\t\t\t\t\t\t\t\t\t\t<span class=\"elementor-share-btn__icon\">\n\t\t\t\t\t\t\t\t<i class=\"fab fa-twitter\"\n\t\t\t\t\t\t\t\t   aria-hidden=\"true\"><\/i>\n\t\t\t\t\t\t\t\t<span\n\t\t\t\t\t\t\t\t\tclass=\"elementor-screen-only\">Share on twitter<\/span>\n\t\t\t\t\t\t\t<\/span>\n\t\t\t\t\t\t\t\t\t\t\t\t\t\t\t\t\t\t\t\t<\/div>\n\t\t\t\t\t<\/div>\n\t\t\t\t\t\t\t\t\t<div class=\"elementor-grid-item\">\n\t\t\t\t\t\t<div class=\"elementor-share-btn elementor-share-btn_linkedin\">\n\t\t\t\t\t\t\t\t\t\t\t\t\t\t\t<span class=\"elementor-share-btn__icon\">\n\t\t\t\t\t\t\t\t<i class=\"fab fa-linkedin\"\n\t\t\t\t\t\t\t\t   aria-hidden=\"true\"><\/i>\n\t\t\t\t\t\t\t\t<span\n\t\t\t\t\t\t\t\t\tclass=\"elementor-screen-only\">Share on linkedin<\/span>\n\t\t\t\t\t\t\t<\/span>\n\t\t\t\t\t\t\t\t\t\t\t\t\t\t\t\t\t\t\t\t<\/div>\n\t\t\t\t\t<\/div>\n\t\t\t\t\t\t\t\t\t<div class=\"elementor-grid-item\">\n\t\t\t\t\t\t<div class=\"elementor-share-btn elementor-share-btn_email\">\n\t\t\t\t\t\t\t\t\t\t\t\t\t\t\t<span class=\"elementor-share-btn__icon\">\n\t\t\t\t\t\t\t\t<i class=\"fas fa-envelope\"\n\t\t\t\t\t\t\t\t   aria-hidden=\"true\"><\/i>\n\t\t\t\t\t\t\t\t<span\n\t\t\t\t\t\t\t\t\tclass=\"elementor-screen-only\">Share on email<\/span>\n\t\t\t\t\t\t\t<\/span>\n\t\t\t\t\t\t\t\t\t\t\t\t\t\t\t\t\t\t\t\t<\/div>\n\t\t\t\t\t<\/div>\n\t\t\t\t\t\t<\/div>\n\t\t\t\t<\/div>\n\t\t\t\t<\/div>\n\t\t\t\t\t\t<\/div>\n\t\t\t\t\t<\/div>\n\t\t<\/div>\n\t\t\t\t<div class=\"elementor-column elementor-col-50 elementor-top-column elementor-element elementor-element-5a712af1\" data-id=\"5a712af1\" data-element_type=\"column\">\n\t\t\t<div class=\"elementor-column-wrap elementor-element-populated\">\n\t\t\t\t\t\t\t<div class=\"elementor-widget-wrap\">\n\t\t\t\t\t\t<div class=\"elementor-element elementor-element-2a308673 elementor-widget elementor-widget-heading\" data-id=\"2a308673\" data-element_type=\"widget\" data-widget_type=\"heading.default\">\n\t\t\t\t<div class=\"elementor-widget-container\">\n\t\t\t<p class=\"elementor-heading-title elementor-size-default\">Our visitors<\/p>\t\t<\/div>\n\t\t\t\t<\/div>\n\t\t\t\t<div class=\"elementor-element elementor-element-2fd242b6 elementor-widget elementor-widget-shortcode\" data-id=\"2fd242b6\" data-element_type=\"widget\" data-widget_type=\"shortcode.default\">\n\t\t\t\t<div class=\"elementor-widget-container\">\n\t\t\t\t\n\t\n\t\t\n\n\t\n\t\t\t\n\t\t\n\t\t\t\t\t\t\t\t\t\t\t\t\t\t\n\t\n\t\t\t\t\n\t\t\t\n\t\t\t\t<div class=\"elementor-shortcode\"><div id='mvcwid'style='text-align: left; color: #000000;'><h3 class='wps_visitor_title'>Page visitors<\/h3><div id=\"wpsvccount\"><img src='https:\/\/caravanes.santeenentreprise.com\/wp-content\/plugins\/wps-visitor-counter\/styles\/image\/Blueberry\/0.gif' alt='0'><img src='https:\/\/caravanes.santeenentreprise.com\/wp-content\/plugins\/wps-visitor-counter\/styles\/image\/Blueberry\/4.gif' alt='4'><img src='https:\/\/caravanes.santeenentreprise.com\/wp-content\/plugins\/wps-visitor-counter\/styles\/image\/Blueberry\/6.gif' alt='6'><img src='https:\/\/caravanes.santeenentreprise.com\/wp-content\/plugins\/wps-visitor-counter\/styles\/image\/Blueberry\/2.gif' alt='2'><img src='https:\/\/caravanes.santeenentreprise.com\/wp-content\/plugins\/wps-visitor-counter\/styles\/image\/Blueberry\/8.gif' alt='8'><img src='https:\/\/caravanes.santeenentreprise.com\/wp-content\/plugins\/wps-visitor-counter\/styles\/image\/Blueberry\/6.gif' alt='6'><\/div>\n\t<div id=\"wpsvctable\"><div id=\"wpsvcvisit\" style='text-align: left; color: #000000;'><img src='https:\/\/caravanes.santeenentreprise.com\/wp-content\/plugins\/wps-visitor-counter\/counter\/user_today.png'> Users Today : 1<\/div><div id=\"wpsvcyesterday\" style='text-align: left; color: #000000;'><img src='https:\/\/caravanes.santeenentreprise.com\/wp-content\/plugins\/wps-visitor-counter\/counter\/7days_user.png'> Users  Last 7 days : 71<\/div><div id=\"wpsvcyesterday\" style='text-align: left; color: #000000;'><img src='https:\/\/caravanes.santeenentreprise.com\/wp-content\/plugins\/wps-visitor-counter\/counter\/30days_user.png'> Users Last 30 days : 428<\/div><div id=\"wpsvcmonth\" style='text-align: left; color: #000000;'><img src='https:\/\/caravanes.santeenentreprise.com\/wp-content\/plugins\/wps-visitor-counter\/counter\/user_month.png'> Users This Month : 414<\/div><div id=\"wpsvctotal\" style='text-align: left; color: #000000;'><img src='https:\/\/caravanes.santeenentreprise.com\/wp-content\/plugins\/wps-visitor-counter\/counter\/user_total.png'> Total Users : 46286<\/div><\/div><div id=\"wpsvcattribution\" style='text-align: left; color: #000000;'><small>Powered By <a href=\"https:\/\/techmix.xyz\/\" rel=\"nofollow\">WPS Visitor Counter<\/a><\/small><\/div><\/div><\/div>\n\t\t\t\t<\/div>\n\t\t\t\t<\/div>\n\t\t\t\t\t\t<\/div>\n\t\t\t\t\t<\/div>\n\t\t<\/div>\n\t\t\t\t\t\t\t\t<\/div>\n\t\t\t\t\t<\/div>\n\t\t<\/section>\n\t\t\t\t<section class=\"elementor-section elementor-top-section elementor-element elementor-element-b9246d9 elementor-section-boxed elementor-section-height-default elementor-section-height-default\" data-id=\"b9246d9\" data-element_type=\"section\">\n\t\t\t\t\t\t<div class=\"elementor-container elementor-column-gap-default\">\n\t\t\t\t\t\t\t<div class=\"elementor-row\">\n\t\t\t\t\t<div class=\"elementor-column elementor-col-100 elementor-top-column elementor-element elementor-element-65923e42\" data-id=\"65923e42\" data-element_type=\"column\">\n\t\t\t<div class=\"elementor-column-wrap\">\n\t\t\t\t\t\t\t<div class=\"elementor-widget-wrap\">\n\t\t\t\t\t\t\t\t<\/div>\n\t\t\t\t\t<\/div>\n\t\t<\/div>\n\t\t\t\t\t\t\t\t<\/div>\n\t\t\t\t\t<\/div>\n\t\t<\/section>\n\t\t\t\t\t\t<\/div>\n\t\t\t\t\t\t<\/div>\n\t\t\t\t\t<\/div>","protected":false},"excerpt":{"rendered":"<p>Diab\u00e8te et risques cardiovasculaires En France : 700 000 personnes vivent avec le diab\u00e8te sans le savoir 5 millions de personnes ignorent leur hypertension 7 millions de personnes ignorent leur [&hellip;]<\/p>","protected":false},"author":5,"featured_media":0,"parent":0,"menu_order":0,"comment_status":"closed","ping_status":"closed","template":"elementor_canvas","meta":{"_regular_price":[],"currency_symbol":[],"footnotes":""},"class_list":["post-19280","page","type-page","status-publish","hentry"],"post_slider_layout_featured_media_urls":{"thumbnail":"","post_slider_layout_landscape_large":"","post_slider_layout_portrait_large":"","post_slider_layout_square_large":"","post_slider_layout_landscape":"","post_slider_layout_portrait":"","post_slider_layout_square":"","full":""},"jetpack_sharing_enabled":true,"_links":{"self":[{"href":"https:\/\/caravanes.santeenentreprise.com\/en\/wp-json\/wp\/v2\/pages\/19280","targetHints":{"allow":["GET"]}}],"collection":[{"href":"https:\/\/caravanes.santeenentreprise.com\/en\/wp-json\/wp\/v2\/pages"}],"about":[{"href":"https:\/\/caravanes.santeenentreprise.com\/en\/wp-json\/wp\/v2\/types\/page"}],"author":[{"embeddable":true,"href":"https:\/\/caravanes.santeenentreprise.com\/en\/wp-json\/wp\/v2\/users\/5"}],"replies":[{"embeddable":true,"href":"https:\/\/caravanes.santeenentreprise.com\/en\/wp-json\/wp\/v2\/comments?post=19280"}],"version-history":[{"count":43,"href":"https:\/\/caravanes.santeenentreprise.com\/en\/wp-json\/wp\/v2\/pages\/19280\/revisions"}],"predecessor-version":[{"id":19379,"href":"https:\/\/caravanes.santeenentreprise.com\/en\/wp-json\/wp\/v2\/pages\/19280\/revisions\/19379"}],"wp:attachment":[{"href":"https:\/\/caravanes.santeenentreprise.com\/en\/wp-json\/wp\/v2\/media?parent=19280"}],"curies":[{"name":"wp","href":"https:\/\/api.w.org\/{rel}","templated":true}]}}