{"id":2634,"date":"2021-10-11T11:37:56","date_gmt":"2021-10-11T09:37:56","guid":{"rendered":"https:\/\/caravanes.santeenentreprise.com\/?page_id=2634"},"modified":"2022-09-28T11:31:07","modified_gmt":"2022-09-28T09:31:07","slug":"rdv","status":"publish","type":"page","link":"https:\/\/caravanes.santeenentreprise.com\/en\/rdv\/","title":{"rendered":"RDV"},"content":{"rendered":"<div data-elementor-type=\"wp-page\" data-elementor-id=\"2634\" class=\"elementor elementor-2634\" data-elementor-settings=\"[]\">\n\t\t\t\t\t\t<div class=\"elementor-inner\">\n\t\t\t\t\t\t\t<div class=\"elementor-section-wrap\">\n\t\t\t\t\t\t\t<section class=\"elementor-section elementor-top-section elementor-element elementor-element-25a128fb elementor-section-boxed elementor-section-height-default elementor-section-height-default\" data-id=\"25a128fb\" data-element_type=\"section\">\n\t\t\t\t\t\t<div class=\"elementor-container elementor-column-gap-default\">\n\t\t\t\t\t\t\t<div class=\"elementor-row\">\n\t\t\t\t\t<div class=\"elementor-column elementor-col-100 elementor-top-column elementor-element elementor-element-3160cf54\" data-id=\"3160cf54\" data-element_type=\"column\">\n\t\t\t<div class=\"elementor-column-wrap elementor-element-populated\">\n\t\t\t\t\t\t\t<div class=\"elementor-widget-wrap\">\n\t\t\t\t\t\t<div class=\"elementor-element elementor-element-14695f48 elementor-widget elementor-widget-text-editor\" data-id=\"14695f48\" data-element_type=\"widget\" data-widget_type=\"text-editor.default\">\n\t\t\t\t<div class=\"elementor-widget-container\">\n\t\t\t\t\t\t\t\t<div class=\"elementor-text-editor elementor-clearfix\">\n\t\t\t\t<!-- wp:paragraph -->\n<p>Bienvenue sur la page d\u2019inscription aux journ\u00e9es de d\u00e9pistage du diab\u00e8te, de l&rsquo;exc\u00e8s de cholest\u00e9rol et de l&rsquo;hypertension art\u00e9rielle organis\u00e9es par l&rsquo;Association Sant\u00e9 en Entreprise (SEE) en partenariat avec B2V. La consultation individuelle dure en moyenne 10 minutes. Pour prendre rdv avec l&rsquo;infirmier.e,, nous vous invitons \u00e0 cliquer sur la date de votre choix parmi les dates de passage propos\u00e9es dans votre entreprise, puis \u00e0 r\u00e9server un cr\u00e9neau parmi ceux propos\u00e9s. Merci de r\u00e9server un seul cr\u00e9neau. Vous recevrez enfin un email de confirmation. A bient\u00f4t<\/p>\n<!-- \/wp:paragraph --><!-- wp:shortcode -->\n<p><div class=\"booked-calendar-shortcode-wrap\"><div class=\"booked-calendar-wrap large\"><table class=\"booked-calendar\" data-calendar-date=\"2026-04-01\">\n\t\t<thead>\n\n\t\t\t\n\t\t\t<tr>\n\t\t\t\t<th colspan=\"7\">\n\t\t\t\t\t\t\t\t\t\t<span class=\"calendarSavingState\">\n\t\t\t\t\t\t<i class=\"booked-icon booked-icon-spinner-clock booked-icon-spin\"><\/i>\n\t\t\t\t\t<\/span>\n\t\t\t\t\t<span class=\"monthName\">\n\t\t\t\t\t\tApril 2026\t\t\t\t\t\t\t\t\t\t\t<\/span>\n\t\t\t\t\t<a href=\"#\" data-goto=\"2026-05-01\" class=\"page-right\"><i class=\"booked-icon booked-icon-arrow-right\"><\/i><\/a>\t\t\t\t<\/th>\n\t\t\t<\/tr>\n\t\t\t<tr class=\"days\">\n\t\t\t\t\t\t\t\t<th>Mon<\/th>\n\t\t\t\t<th>Tue<\/th>\n\t\t\t\t<th>Wed<\/th>\n\t\t\t\t<th>Thu<\/th>\n\t\t\t\t<th>Fri<\/th>\n\t\t\t\t<th>Sat<\/th>\t\t\t\t<th>Sun<\/th>\t\t\t<\/tr>\n\t\t<\/thead>\n\t\t<tbody><tr class=\"week\"><td data-date=\"2026-03-30\" class=\"prev-month prev-date\"><span class=\"date\"><span class=\"number\">30<\/span><\/span><\/td><td data-date=\"2026-03-31\" class=\"prev-month prev-date\"><span class=\"date\"><span class=\"number\">31<\/span><\/span><\/td><td data-date=\"2026-04-1\" class=\"prev-date\"><span class=\"date\"><span class=\"number\">1<\/span><\/span><\/td><td data-date=\"2026-04-2\" class=\"prev-date\"><span class=\"date\"><span class=\"number\">2<\/span><\/span><\/td><td data-date=\"2026-04-3\" class=\"prev-date\"><span class=\"date\"><span class=\"number\">3<\/span><\/span><\/td><td data-date=\"2026-04-4\" class=\"prev-date\"><span class=\"date\"><span class=\"number\">4<\/span><\/span><\/td><td data-date=\"2026-04-5\" class=\"prev-date\"><span class=\"date\"><span class=\"number\">5<\/span><\/span><\/td><\/tr><tr class=\"week\"><td data-date=\"2026-04-6\" class=\"prev-date\"><span class=\"date\"><span class=\"number\">6<\/span><\/span><\/td><td data-date=\"2026-04-7\" class=\"prev-date\"><span class=\"date\"><span class=\"number\">7<\/span><\/span><\/td><td data-date=\"2026-04-8\" class=\"prev-date\"><span class=\"date\"><span class=\"number\">8<\/span><\/span><\/td><td data-date=\"2026-04-9\" class=\"prev-date\"><span class=\"date\"><span class=\"number\">9<\/span><\/span><\/td><td data-date=\"2026-04-10\" class=\"prev-date\"><span class=\"date\"><span class=\"number\">10<\/span><\/span><\/td><td data-date=\"2026-04-11\" class=\"prev-date\"><span class=\"date\"><span class=\"number\">11<\/span><\/span><\/td><td data-date=\"2026-04-12\" class=\"prev-date\"><span class=\"date\"><span class=\"number\">12<\/span><\/span><\/td><\/tr><tr class=\"week\"><td data-date=\"2026-04-13\" class=\"prev-date\"><span class=\"date\"><span class=\"number\">13<\/span><\/span><\/td><td data-date=\"2026-04-14\" class=\"prev-date\"><span class=\"date\"><span class=\"number\">14<\/span><\/span><\/td><td data-date=\"2026-04-15\" class=\"prev-date\"><span class=\"date\"><span class=\"number\">15<\/span><\/span><\/td><td data-date=\"2026-04-16\" class=\"prev-date\"><span class=\"date\"><span class=\"number\">16<\/span><\/span><\/td><td data-date=\"2026-04-17\" class=\"prev-date\"><span class=\"date\"><span class=\"number\">17<\/span><\/span><\/td><td data-date=\"2026-04-18\" class=\"prev-date\"><span class=\"date\"><span class=\"number\">18<\/span><\/span><\/td><td data-date=\"2026-04-19\" class=\"prev-date\"><span class=\"date\"><span class=\"number\">19<\/span><\/span><\/td><\/tr><tr class=\"week\"><td data-date=\"2026-04-20\" class=\"prev-date\"><span class=\"date\"><span class=\"number\">20<\/span><\/span><\/td><td data-date=\"2026-04-21\" class=\"today prev-date\"><span class=\"date\"><span class=\"number\">21<\/span><\/span><\/td><td data-date=\"2026-04-22\" class=\"prev-date\"><span class=\"date\"><span class=\"number\">22<\/span><\/span><\/td><td data-date=\"2026-04-23\" class=\"prev-date\"><span class=\"date\"><span class=\"number\">23<\/span><\/span><\/td><td data-date=\"2026-04-24\" class=\"prev-date\"><span class=\"date\"><span class=\"number\">24<\/span><\/span><\/td><td data-date=\"2026-04-25\" class=\"prev-date\"><span class=\"date\"><span class=\"number\">25<\/span><\/span><\/td><td data-date=\"2026-04-26\" class=\"prev-date\"><span class=\"date\"><span class=\"number\">26<\/span><\/span><\/td><\/tr><tr class=\"week\"><td data-date=\"2026-04-27\" class=\"prev-date\"><span class=\"date\"><span class=\"number\">27<\/span><\/span><\/td><td data-date=\"2026-04-28\" class=\"prev-date\"><span class=\"date\"><span class=\"number\">28<\/span><\/span><\/td><td data-date=\"2026-04-29\" class=\"prev-date\"><span class=\"date\"><span class=\"number\">29<\/span><\/span><\/td><td data-date=\"2026-04-30\" class=\"prev-date\"><span class=\"date\"><span class=\"number\">30<\/span><\/span><\/td><td data-date=\"2026-05-1\" class=\"next-month prev-date\"><span class=\"date\"><span class=\"number\">1<\/span><\/span><\/td><td data-date=\"2026-05-2\" class=\"next-month prev-date\"><span class=\"date\"><span class=\"number\">2<\/span><\/span><\/td><td data-date=\"2026-05-3\" class=\"next-month prev-date\"><span class=\"date\"><span class=\"number\">3<\/span><\/span><\/td><\/tr>\t\t<\/tbody>\n\t<\/table><\/div><\/div><\/p>\n<!-- \/wp:shortcode --><!-- wp:paragraph -->\n<p>\u00a0<\/p>\n<!-- \/wp:paragraph -->\t\t\t\t\t<\/div>\n\t\t\t\t\t\t<\/div>\n\t\t\t\t<\/div>\n\t\t\t\t\t\t<\/div>\n\t\t\t\t\t<\/div>\n\t\t<\/div>\n\t\t\t\t\t\t\t\t<\/div>\n\t\t\t\t\t<\/div>\n\t\t<\/section>\n\t\t\t\t\t\t<\/div>\n\t\t\t\t\t\t<\/div>\n\t\t\t\t\t<\/div>","protected":false},"excerpt":{"rendered":"<p>Bienvenue sur la page d\u2019inscription de la caravane diab\u00e8te. La consultation individuelle dure en moyenne 15 minutes. Pour prendre rdv avec l&rsquo;infirmier.e, nous vous invitons \u00e0 cliquer sur la date [&hellip;]<\/p>","protected":false},"author":1,"featured_media":0,"parent":0,"menu_order":0,"comment_status":"closed","ping_status":"closed","template":"","meta":{"_regular_price":[],"currency_symbol":[],"footnotes":""},"class_list":["post-2634","page","type-page","status-publish","hentry"],"post_slider_layout_featured_media_urls":{"thumbnail":"","post_slider_layout_landscape_large":"","post_slider_layout_portrait_large":"","post_slider_layout_square_large":"","post_slider_layout_landscape":"","post_slider_layout_portrait":"","post_slider_layout_square":"","full":""},"jetpack_sharing_enabled":true,"_links":{"self":[{"href":"https:\/\/caravanes.santeenentreprise.com\/en\/wp-json\/wp\/v2\/pages\/2634","targetHints":{"allow":["GET"]}}],"collection":[{"href":"https:\/\/caravanes.santeenentreprise.com\/en\/wp-json\/wp\/v2\/pages"}],"about":[{"href":"https:\/\/caravanes.santeenentreprise.com\/en\/wp-json\/wp\/v2\/types\/page"}],"author":[{"embeddable":true,"href":"https:\/\/caravanes.santeenentreprise.com\/en\/wp-json\/wp\/v2\/users\/1"}],"replies":[{"embeddable":true,"href":"https:\/\/caravanes.santeenentreprise.com\/en\/wp-json\/wp\/v2\/comments?post=2634"}],"version-history":[{"count":14,"href":"https:\/\/caravanes.santeenentreprise.com\/en\/wp-json\/wp\/v2\/pages\/2634\/revisions"}],"predecessor-version":[{"id":18992,"href":"https:\/\/caravanes.santeenentreprise.com\/en\/wp-json\/wp\/v2\/pages\/2634\/revisions\/18992"}],"wp:attachment":[{"href":"https:\/\/caravanes.santeenentreprise.com\/en\/wp-json\/wp\/v2\/media?parent=2634"}],"curies":[{"name":"wp","href":"https:\/\/api.w.org\/{rel}","templated":true}]}}