{"id":7268,"date":"2022-09-01T11:34:30","date_gmt":"2022-09-01T15:34:30","guid":{"rendered":"https:\/\/caravanes.santeenentreprise.com\/?page_id=7268"},"modified":"2022-09-01T12:06:37","modified_gmt":"2022-09-01T16:06:37","slug":"journee-sante-thelem-assurances","status":"publish","type":"page","link":"https:\/\/caravanes.santeenentreprise.com\/en\/journee-sante-thelem-assurances\/","title":{"rendered":"Journ\u00e9e sant\u00e9 Thelem assurances"},"content":{"rendered":"<div data-elementor-type=\"wp-page\" data-elementor-id=\"7268\" class=\"elementor elementor-7268\" data-elementor-settings=\"[]\">\n\t\t\t\t\t\t<div class=\"elementor-inner\">\n\t\t\t\t\t\t\t<div class=\"elementor-section-wrap\">\n\t\t\t\t\t\t\t<section class=\"elementor-section elementor-top-section elementor-element elementor-element-70cb9f9e elementor-section-boxed elementor-section-height-default elementor-section-height-default\" data-id=\"70cb9f9e\" data-element_type=\"section\">\n\t\t\t\t\t\t<div class=\"elementor-container elementor-column-gap-default\">\n\t\t\t\t\t\t\t<div class=\"elementor-row\">\n\t\t\t\t\t<div class=\"elementor-column elementor-col-100 elementor-top-column elementor-element elementor-element-4ca8a2bc\" data-id=\"4ca8a2bc\" data-element_type=\"column\">\n\t\t\t<div class=\"elementor-column-wrap elementor-element-populated\">\n\t\t\t\t\t\t\t<div class=\"elementor-widget-wrap\">\n\t\t\t\t\t\t<div class=\"elementor-element elementor-element-882addd elementor-widget elementor-widget-image\" data-id=\"882addd\" data-element_type=\"widget\" data-widget_type=\"image.default\">\n\t\t\t\t<div class=\"elementor-widget-container\">\n\t\t\t\t\t\t\t\t<div class=\"elementor-image\">\n\t\t\t\t\t\t\t\t\t\t\t\t<img decoding=\"async\" width=\"963\" height=\"400\" src=\"https:\/\/caravanes.santeenentreprise.com\/wp-content\/uploads\/2022\/09\/Logo-thelem-assurances.jpeg\" class=\"attachment-full size-full\" alt=\"\" srcset=\"https:\/\/caravanes.santeenentreprise.com\/wp-content\/uploads\/2022\/09\/Logo-thelem-assurances.jpeg 963w, https:\/\/caravanes.santeenentreprise.com\/wp-content\/uploads\/2022\/09\/Logo-thelem-assurances-300x125.jpeg 300w, https:\/\/caravanes.santeenentreprise.com\/wp-content\/uploads\/2022\/09\/Logo-thelem-assurances-768x319.jpeg 768w, https:\/\/caravanes.santeenentreprise.com\/wp-content\/uploads\/2022\/09\/Logo-thelem-assurances-600x249.jpeg 600w\" sizes=\"(max-width: 963px) 100vw, 963px\" \/>\t\t\t\t\t\t\t\t\t\t\t\t\t\t<\/div>\n\t\t\t\t\t\t<\/div>\n\t\t\t\t<\/div>\n\t\t\t\t\t\t<\/div>\n\t\t\t\t\t<\/div>\n\t\t<\/div>\n\t\t\t\t\t\t\t\t<\/div>\n\t\t\t\t\t<\/div>\n\t\t<\/section>\n\t\t\t\t<section class=\"elementor-section elementor-top-section elementor-element elementor-element-17ee6c6 elementor-section-boxed elementor-section-height-default elementor-section-height-default\" data-id=\"17ee6c6\" data-element_type=\"section\">\n\t\t\t\t\t\t<div class=\"elementor-container elementor-column-gap-default\">\n\t\t\t\t\t\t\t<div class=\"elementor-row\">\n\t\t\t\t\t<div class=\"elementor-column elementor-col-100 elementor-top-column elementor-element elementor-element-2eb2de50\" data-id=\"2eb2de50\" data-element_type=\"column\">\n\t\t\t<div class=\"elementor-column-wrap elementor-element-populated\">\n\t\t\t\t\t\t\t<div class=\"elementor-widget-wrap\">\n\t\t\t\t\t\t<div class=\"elementor-element elementor-element-12899418 elementor-widget elementor-widget-heading\" data-id=\"12899418\" data-element_type=\"widget\" data-widget_type=\"heading.default\">\n\t\t\t\t<div class=\"elementor-widget-container\">\n\t\t\t<p class=\"elementor-heading-title elementor-size-default\">Diab\u00e8te et risques cardiovasculaires<\/p>\t\t<\/div>\n\t\t\t\t<\/div>\n\t\t\t\t\t\t<\/div>\n\t\t\t\t\t<\/div>\n\t\t<\/div>\n\t\t\t\t\t\t\t\t<\/div>\n\t\t\t\t\t<\/div>\n\t\t<\/section>\n\t\t\t\t<section class=\"elementor-section elementor-top-section elementor-element elementor-element-48d6d6be elementor-section-boxed elementor-section-height-default elementor-section-height-default\" data-id=\"48d6d6be\" data-element_type=\"section\">\n\t\t\t\t\t\t<div class=\"elementor-container elementor-column-gap-default\">\n\t\t\t\t\t\t\t<div class=\"elementor-row\">\n\t\t\t\t\t<div class=\"elementor-column elementor-col-100 elementor-top-column elementor-element elementor-element-6a520e39\" data-id=\"6a520e39\" data-element_type=\"column\">\n\t\t\t<div class=\"elementor-column-wrap elementor-element-populated\">\n\t\t\t\t\t\t\t<div class=\"elementor-widget-wrap\">\n\t\t\t\t\t\t<div class=\"elementor-element elementor-element-64a094a elementor-widget elementor-widget-text-editor\" data-id=\"64a094a\" data-element_type=\"widget\" data-widget_type=\"text-editor.default\">\n\t\t\t\t<div class=\"elementor-widget-container\">\n\t\t\t\t\t\t\t\t<div class=\"elementor-text-editor elementor-clearfix\">\n\t\t\t\t<p><span style=\"color: #000000;\">En France :<\/span><\/p><ul><li><span style=\"color: #000000;\">700 000 personnes vivent avec le diab\u00e8te sans le savoir<\/span><p>\u00a0<\/p><\/li><li><p><span style=\"color: #000000;\">5 millions de personnes ignorent leur hypertension<\/span><\/p><\/li><li><p><span style=\"color: #000000;\">7 millions de personnes ignorent leur taux de cholest\u00e9rol \u00e9lev\u00e9<\/span><\/p><\/li><li><p><span style=\"color: #000000;\">155 000 cas d\u2019AVC par an, premi\u00e8re cause de handicap acquis chez l\u2019adulte<\/span><\/p><\/li><\/ul>\t\t\t\t\t<\/div>\n\t\t\t\t\t\t<\/div>\n\t\t\t\t<\/div>\n\t\t\t\t<div class=\"elementor-element elementor-element-10c00e12 elementor-widget elementor-widget-heading\" data-id=\"10c00e12\" data-element_type=\"widget\" data-widget_type=\"heading.default\">\n\t\t\t\t<div class=\"elementor-widget-container\">\n\t\t\t<p class=\"elementor-heading-title elementor-size-default\">Le diab\u00e8te et les maladies cardiovasculaires ne se voient pas. Ils se d\u00e9pistent !<\/p>\t\t<\/div>\n\t\t\t\t<\/div>\n\t\t\t\t<div class=\"elementor-element elementor-element-fc79f1f elementor-widget elementor-widget-heading\" data-id=\"fc79f1f\" data-element_type=\"widget\" data-widget_type=\"heading.default\">\n\t\t\t\t<div class=\"elementor-widget-container\">\n\t\t\t<p class=\"elementor-heading-title elementor-size-default\">Venez-vous faire d\u00e9pister \u00e0 l\u2019occasion des journ\u00e9es sant\u00e9 organis\u00e9es sur site par l\u2019association Sant\u00e9 en entreprise (SEE) en partenariat avec Thelem assurances.<\/p>\t\t<\/div>\n\t\t\t\t<\/div>\n\t\t\t\t<div class=\"elementor-element elementor-element-4579c2a7 elementor-widget elementor-widget-text-editor\" data-id=\"4579c2a7\" data-element_type=\"widget\" data-widget_type=\"text-editor.default\">\n\t\t\t\t<div class=\"elementor-widget-container\">\n\t\t\t\t\t\t\t\t<div class=\"elementor-text-editor elementor-clearfix\">\n\t\t\t\t<table><tbody><tr><td width=\"141\"><strong><span style=\"color: #800080;\">Date :<\/span><\/strong><\/td><td width=\"359\"><strong>\u00a0<span style=\"color: #000000;\">27 Septembre<br \/><\/span><\/strong><\/td><\/tr><tr><td width=\"141\"><strong><span style=\"color: #800080;\">Horaires :<\/span><\/strong><\/td><td width=\"359\"><strong><span style=\"color: #000000;\">9h30 \u2013 16h30<\/span><\/strong><\/td><\/tr><tr><td width=\"141\"><strong><span style=\"color: #800080;\">Site :<\/span><\/strong><\/td><td width=\"359\"><p><strong><span style=\"color: #000000;\">\u00a0<\/span><\/strong><br \/><strong><span style=\"color: #000000;\">Thelem assurances le Croc <\/span><\/strong><br \/><strong><span style=\"color: #000000;\">BP 63130 45431 Checy<\/span><\/strong><\/p><\/td><\/tr><tr><td width=\"141\"><strong><span style=\"color: #800080;\">Salle :<br \/><\/span><\/strong><\/td><td width=\"359\"><p><strong><span style=\"color: #000000;\">1er Etage Salle Infirmerie<\/span><\/strong><\/p><\/td><\/tr><tr><td width=\"141\"><strong><span style=\"color: #800080;\">Service propos\u00e9 :<\/span><\/strong><\/td><td width=\"359\"><p><strong><span style=\"color: #000000;\">1. D\u00e9pistage combin\u00e9, simple rapide et fiable : tension art\u00e9rielle, glyc\u00e9me, cholest\u00e9rol<\/span><\/strong><br \/><strong><span style=\"color: #000000;\">2. Remise imm\u00e9diate des r\u00e9sultats<\/span><\/strong><br \/><strong><span style=\"color: #000000;\">3. Conseil pr\u00e9ventif<\/span><\/strong><br \/><strong><span style=\"color: #000000;\">4. Orientation si n\u00e9cessaire vers votre m\u00e9decin traitant\u00a0<\/span><\/strong><\/p><p>\u00a0<\/p><\/td><\/tr><tr><td width=\"141\"><strong><span style=\"color: #800080;\">D\u00e9roulement :<\/span><\/strong><\/td><td width=\"359\"><p><strong><span style=\"color: #000000;\">D\u00e9pistage r\u00e9alis\u00e9 sur rdv, en 10 minutes par une infirmi\u00e8re Volontaire, gratuit, anonyme et confidentiel.<\/span><\/strong><\/p><p>\u00a0<\/p><\/td><\/tr><tr><td width=\"141\"><span style=\"color: #800080;\"><strong>Pour s\u2019inscrire :<\/strong><\/span><\/td><td width=\"359\"><strong><a class=\"bitlink-item--ACTIVE\" href=\"http:\/\/bit.ly\/3wOuaN0\">bit.ly<span class=\"bitlink--hash\">\/3wOuaN0<\/span><\/a><\/strong><\/td><\/tr><tr><td colspan=\"2\" width=\"501\"><span style=\"color: #000000;\">SANTE EN ENTREPRISE (SEE) est une association loi 1901 d\u00e9clar\u00e9e \u00e0 Paris.<\/span><br \/><span style=\"color: #000000;\">Sa mission est de mettre en place des actions de sensibilisation et de pr\u00e9vention contre les maladies chroniques destin\u00e9es aux employ\u00e9s.<\/span><br \/><a href=\"http:\/\/www.santeenentreprise.com\">www.santeenentreprise.com<\/a><\/td><\/tr><\/tbody><\/table>\t\t\t\t\t<\/div>\n\t\t\t\t\t\t<\/div>\n\t\t\t\t<\/div>\n\t\t\t\t\t\t<\/div>\n\t\t\t\t\t<\/div>\n\t\t<\/div>\n\t\t\t\t\t\t\t\t<\/div>\n\t\t\t\t\t<\/div>\n\t\t<\/section>\n\t\t\t\t<section class=\"elementor-section elementor-top-section elementor-element elementor-element-1b99cb03 elementor-section-boxed elementor-section-height-default elementor-section-height-default\" data-id=\"1b99cb03\" data-element_type=\"section\">\n\t\t\t\t\t\t<div class=\"elementor-container elementor-column-gap-default\">\n\t\t\t\t\t\t\t<div class=\"elementor-row\">\n\t\t\t\t\t<div class=\"elementor-column elementor-col-50 elementor-top-column elementor-element elementor-element-3c5a257d\" data-id=\"3c5a257d\" data-element_type=\"column\">\n\t\t\t<div class=\"elementor-column-wrap elementor-element-populated\">\n\t\t\t\t\t\t\t<div class=\"elementor-widget-wrap\">\n\t\t\t\t\t\t<div class=\"elementor-element elementor-element-218df942 elementor-widget elementor-widget-heading\" data-id=\"218df942\" data-element_type=\"widget\" data-widget_type=\"heading.default\">\n\t\t\t\t<div class=\"elementor-widget-container\">\n\t\t\t<p class=\"elementor-heading-title elementor-size-default\">Partager la nouvelle !<\/p>\t\t<\/div>\n\t\t\t\t<\/div>\n\t\t\t\t<div class=\"elementor-element elementor-element-4dcf3ac4 elementor-share-buttons--view-icon elementor-share-buttons--align-center elementor-share-buttons--skin-gradient elementor-share-buttons--shape-square elementor-grid-0 elementor-share-buttons--color-official elementor-widget elementor-widget-share-buttons\" data-id=\"4dcf3ac4\" data-element_type=\"widget\" data-widget_type=\"share-buttons.default\">\n\t\t\t\t<div class=\"elementor-widget-container\">\n\t\t\t\t\t<div class=\"elementor-grid\">\n\t\t\t\t\t\t\t\t<div class=\"elementor-grid-item\">\n\t\t\t\t\t\t<div class=\"elementor-share-btn elementor-share-btn_whatsapp\">\n\t\t\t\t\t\t\t\t\t\t\t\t\t\t\t<span class=\"elementor-share-btn__icon\">\n\t\t\t\t\t\t\t\t<i class=\"fab fa-whatsapp\"\n\t\t\t\t\t\t\t\t   aria-hidden=\"true\"><\/i>\n\t\t\t\t\t\t\t\t<span\n\t\t\t\t\t\t\t\t\tclass=\"elementor-screen-only\">Share on whatsapp<\/span>\n\t\t\t\t\t\t\t<\/span>\n\t\t\t\t\t\t\t\t\t\t\t\t\t\t\t\t\t\t\t\t<\/div>\n\t\t\t\t\t<\/div>\n\t\t\t\t\t\t\t\t\t<div class=\"elementor-grid-item\">\n\t\t\t\t\t\t<div class=\"elementor-share-btn elementor-share-btn_facebook\">\n\t\t\t\t\t\t\t\t\t\t\t\t\t\t\t<span class=\"elementor-share-btn__icon\">\n\t\t\t\t\t\t\t\t<i class=\"fab fa-facebook\"\n\t\t\t\t\t\t\t\t   aria-hidden=\"true\"><\/i>\n\t\t\t\t\t\t\t\t<span\n\t\t\t\t\t\t\t\t\tclass=\"elementor-screen-only\">Share on facebook<\/span>\n\t\t\t\t\t\t\t<\/span>\n\t\t\t\t\t\t\t\t\t\t\t\t\t\t\t\t\t\t\t\t<\/div>\n\t\t\t\t\t<\/div>\n\t\t\t\t\t\t\t\t\t<div class=\"elementor-grid-item\">\n\t\t\t\t\t\t<div class=\"elementor-share-btn elementor-share-btn_twitter\">\n\t\t\t\t\t\t\t\t\t\t\t\t\t\t\t<span class=\"elementor-share-btn__icon\">\n\t\t\t\t\t\t\t\t<i class=\"fab fa-twitter\"\n\t\t\t\t\t\t\t\t   aria-hidden=\"true\"><\/i>\n\t\t\t\t\t\t\t\t<span\n\t\t\t\t\t\t\t\t\tclass=\"elementor-screen-only\">Share on twitter<\/span>\n\t\t\t\t\t\t\t<\/span>\n\t\t\t\t\t\t\t\t\t\t\t\t\t\t\t\t\t\t\t\t<\/div>\n\t\t\t\t\t<\/div>\n\t\t\t\t\t\t\t\t\t<div class=\"elementor-grid-item\">\n\t\t\t\t\t\t<div class=\"elementor-share-btn elementor-share-btn_linkedin\">\n\t\t\t\t\t\t\t\t\t\t\t\t\t\t\t<span class=\"elementor-share-btn__icon\">\n\t\t\t\t\t\t\t\t<i class=\"fab fa-linkedin\"\n\t\t\t\t\t\t\t\t   aria-hidden=\"true\"><\/i>\n\t\t\t\t\t\t\t\t<span\n\t\t\t\t\t\t\t\t\tclass=\"elementor-screen-only\">Share on linkedin<\/span>\n\t\t\t\t\t\t\t<\/span>\n\t\t\t\t\t\t\t\t\t\t\t\t\t\t\t\t\t\t\t\t<\/div>\n\t\t\t\t\t<\/div>\n\t\t\t\t\t\t\t\t\t<div class=\"elementor-grid-item\">\n\t\t\t\t\t\t<div class=\"elementor-share-btn elementor-share-btn_email\">\n\t\t\t\t\t\t\t\t\t\t\t\t\t\t\t<span class=\"elementor-share-btn__icon\">\n\t\t\t\t\t\t\t\t<i class=\"fas fa-envelope\"\n\t\t\t\t\t\t\t\t   aria-hidden=\"true\"><\/i>\n\t\t\t\t\t\t\t\t<span\n\t\t\t\t\t\t\t\t\tclass=\"elementor-screen-only\">Share on email<\/span>\n\t\t\t\t\t\t\t<\/span>\n\t\t\t\t\t\t\t\t\t\t\t\t\t\t\t\t\t\t\t\t<\/div>\n\t\t\t\t\t<\/div>\n\t\t\t\t\t\t<\/div>\n\t\t\t\t<\/div>\n\t\t\t\t<\/div>\n\t\t\t\t\t\t<\/div>\n\t\t\t\t\t<\/div>\n\t\t<\/div>\n\t\t\t\t<div class=\"elementor-column elementor-col-50 elementor-top-column elementor-element elementor-element-678cf1f3\" data-id=\"678cf1f3\" data-element_type=\"column\">\n\t\t\t<div class=\"elementor-column-wrap elementor-element-populated\">\n\t\t\t\t\t\t\t<div class=\"elementor-widget-wrap\">\n\t\t\t\t\t\t<div class=\"elementor-element elementor-element-49905fa1 elementor-widget elementor-widget-heading\" data-id=\"49905fa1\" data-element_type=\"widget\" data-widget_type=\"heading.default\">\n\t\t\t\t<div class=\"elementor-widget-container\">\n\t\t\t<p class=\"elementor-heading-title elementor-size-default\">Our visitors<\/p>\t\t<\/div>\n\t\t\t\t<\/div>\n\t\t\t\t<div class=\"elementor-element elementor-element-49cc077 elementor-widget elementor-widget-shortcode\" data-id=\"49cc077\" data-element_type=\"widget\" data-widget_type=\"shortcode.default\">\n\t\t\t\t<div class=\"elementor-widget-container\">\n\t\t\t\t\n\t\n\t\t\n\n\t\n\t\t\t\n\t\t\n\t\t\t\t\t\t\t\t\t\t\t\t\t\t\n\t\n\t\t\t\t\n\t\t\t\n\t\t\t\t<div class=\"elementor-shortcode\"><div id='mvcwid'style='text-align: left; color: #000000;'><h3 class='wps_visitor_title'>Page visitors<\/h3><div id=\"wpsvccount\"><img src='https:\/\/caravanes.santeenentreprise.com\/wp-content\/plugins\/wps-visitor-counter\/styles\/image\/Blueberry\/0.gif' alt='0'><img src='https:\/\/caravanes.santeenentreprise.com\/wp-content\/plugins\/wps-visitor-counter\/styles\/image\/Blueberry\/4.gif' alt='4'><img src='https:\/\/caravanes.santeenentreprise.com\/wp-content\/plugins\/wps-visitor-counter\/styles\/image\/Blueberry\/6.gif' alt='6'><img src='https:\/\/caravanes.santeenentreprise.com\/wp-content\/plugins\/wps-visitor-counter\/styles\/image\/Blueberry\/2.gif' alt='2'><img src='https:\/\/caravanes.santeenentreprise.com\/wp-content\/plugins\/wps-visitor-counter\/styles\/image\/Blueberry\/0.gif' alt='0'><img src='https:\/\/caravanes.santeenentreprise.com\/wp-content\/plugins\/wps-visitor-counter\/styles\/image\/Blueberry\/6.gif' alt='6'><\/div>\n\t<div id=\"wpsvctable\"><div id=\"wpsvcvisit\" style='text-align: left; color: #000000;'><img src='https:\/\/caravanes.santeenentreprise.com\/wp-content\/plugins\/wps-visitor-counter\/counter\/user_today.png'> Users Today : 3<\/div><div id=\"wpsvcyesterday\" style='text-align: left; color: #000000;'><img src='https:\/\/caravanes.santeenentreprise.com\/wp-content\/plugins\/wps-visitor-counter\/counter\/7days_user.png'> Users  Last 7 days : 100<\/div><div id=\"wpsvcyesterday\" style='text-align: left; color: #000000;'><img src='https:\/\/caravanes.santeenentreprise.com\/wp-content\/plugins\/wps-visitor-counter\/counter\/30days_user.png'> Users Last 30 days : 557<\/div><div id=\"wpsvcmonth\" style='text-align: left; color: #000000;'><img src='https:\/\/caravanes.santeenentreprise.com\/wp-content\/plugins\/wps-visitor-counter\/counter\/user_month.png'> Users This Month : 334<\/div><div id=\"wpsvctotal\" style='text-align: left; color: #000000;'><img src='https:\/\/caravanes.santeenentreprise.com\/wp-content\/plugins\/wps-visitor-counter\/counter\/user_total.png'> Total Users : 46206<\/div><\/div><div id=\"wpsvcattribution\" style='text-align: left; color: #000000;'><small>Powered By <a href=\"https:\/\/techmix.xyz\/\" rel=\"nofollow\">WPS Visitor Counter<\/a><\/small><\/div><\/div><\/div>\n\t\t\t\t<\/div>\n\t\t\t\t<\/div>\n\t\t\t\t\t\t<\/div>\n\t\t\t\t\t<\/div>\n\t\t<\/div>\n\t\t\t\t\t\t\t\t<\/div>\n\t\t\t\t\t<\/div>\n\t\t<\/section>\n\t\t\t\t<section class=\"elementor-section elementor-top-section elementor-element elementor-element-550ab7d8 elementor-section-boxed elementor-section-height-default elementor-section-height-default\" data-id=\"550ab7d8\" data-element_type=\"section\">\n\t\t\t\t\t\t<div class=\"elementor-container elementor-column-gap-default\">\n\t\t\t\t\t\t\t<div class=\"elementor-row\">\n\t\t\t\t\t<div class=\"elementor-column elementor-col-100 elementor-top-column elementor-element elementor-element-3f4784e2\" data-id=\"3f4784e2\" data-element_type=\"column\">\n\t\t\t<div class=\"elementor-column-wrap\">\n\t\t\t\t\t\t\t<div class=\"elementor-widget-wrap\">\n\t\t\t\t\t\t\t\t<\/div>\n\t\t\t\t\t<\/div>\n\t\t<\/div>\n\t\t\t\t\t\t\t\t<\/div>\n\t\t\t\t\t<\/div>\n\t\t<\/section>\n\t\t\t\t\t\t<\/div>\n\t\t\t\t\t\t<\/div>\n\t\t\t\t\t<\/div>","protected":false},"excerpt":{"rendered":"<p>Diab\u00e8te et risques cardiovasculaires En France : 700 000 personnes vivent avec le diab\u00e8te sans le savoir \u00a0 5 millions de personnes ignorent leur hypertension 7 millions de personnes ignorent [&hellip;]<\/p>","protected":false},"author":5,"featured_media":0,"parent":0,"menu_order":0,"comment_status":"closed","ping_status":"closed","template":"elementor_canvas","meta":{"_regular_price":[],"currency_symbol":[],"footnotes":""},"class_list":["post-7268","page","type-page","status-publish","hentry"],"post_slider_layout_featured_media_urls":{"thumbnail":"","post_slider_layout_landscape_large":"","post_slider_layout_portrait_large":"","post_slider_layout_square_large":"","post_slider_layout_landscape":"","post_slider_layout_portrait":"","post_slider_layout_square":"","full":""},"jetpack_sharing_enabled":true,"_links":{"self":[{"href":"https:\/\/caravanes.santeenentreprise.com\/en\/wp-json\/wp\/v2\/pages\/7268","targetHints":{"allow":["GET"]}}],"collection":[{"href":"https:\/\/caravanes.santeenentreprise.com\/en\/wp-json\/wp\/v2\/pages"}],"about":[{"href":"https:\/\/caravanes.santeenentreprise.com\/en\/wp-json\/wp\/v2\/types\/page"}],"author":[{"embeddable":true,"href":"https:\/\/caravanes.santeenentreprise.com\/en\/wp-json\/wp\/v2\/users\/5"}],"replies":[{"embeddable":true,"href":"https:\/\/caravanes.santeenentreprise.com\/en\/wp-json\/wp\/v2\/comments?post=7268"}],"version-history":[{"count":22,"href":"https:\/\/caravanes.santeenentreprise.com\/en\/wp-json\/wp\/v2\/pages\/7268\/revisions"}],"predecessor-version":[{"id":7296,"href":"https:\/\/caravanes.santeenentreprise.com\/en\/wp-json\/wp\/v2\/pages\/7268\/revisions\/7296"}],"wp:attachment":[{"href":"https:\/\/caravanes.santeenentreprise.com\/en\/wp-json\/wp\/v2\/media?parent=7268"}],"curies":[{"name":"wp","href":"https:\/\/api.w.org\/{rel}","templated":true}]}}