{"id":9805,"date":"2023-04-05T09:35:51","date_gmt":"2023-04-05T09:35:51","guid":{"rendered":"https:\/\/caravanes.santeenentreprise.com\/?page_id=9805"},"modified":"2023-04-05T10:22:29","modified_gmt":"2023-04-05T10:22:29","slug":"temoignages","status":"publish","type":"page","link":"https:\/\/caravanes.santeenentreprise.com\/en\/temoignages\/","title":{"rendered":"T\u00e9moignages vid\u00e9os"},"content":{"rendered":"<p><div id=\"ctiv-main-container\"\r\n\t\tdata-template-id=\"KEBtUl6c1dgmKVPjrdmn\"\r\n\t\t>\r\n\t\t<style>\r\n\t\t  :root {\r\n\t\t\t--cliptakes-neutral: #666666;\r\n\t\t\t--cliptakes-disabled: #66666666;\r\n\t\t\t--cliptakes-main: #49a0ed;\r\n\t\t\t--cliptakes-main-overlay: #49a0ed50;\r\n\t\t\t--cliptakes-light: #fff;\r\n\t\t\t--cliptakes-dark: #1f1f1f;\r\n\t\t\t--cliptakes-overlay: #000000b0;\r\n\t\t\t--cliptakes-overlay-focused: #1f1f1fdd;\r\n\t\t  }\r\n\t\t<\/style><div id=\"ctiv-intro-section\" class=\"ctiv-section\"><h1>Bienvenue !<\/h1>\r\n<div>\r\n<h4>CONSEILS POUR R\u00c9ALISER VOTRE VIDEO-TEMOIGNAGE :\/h4&gt;<\/h4>\r\n<h4>Dur\u00e9e : 1 minute et 30 secondes (max)<\/h4>\r\n<ul>\r\n \t<li style=\"list-style-type: none\">\r\n<ul>\r\n \t<li style=\"list-style-type: none\">\r\n<ul>\r\n \t<li>Avoir un arri\u00e8re-plan neutre<\/li>\r\n \t<li>\u00catre dans une pi\u00e8ce bien \u00e9clair\u00e9e ou \u00e0 l&rsquo;ext\u00e9rieur<\/li>\r\n \t<li>\u00catre \u00e0 l&rsquo;abri du bruit<\/li>\r\n<\/ul>\r\n<\/li>\r\n<\/ul>\r\n&nbsp;\r\n\r\n<strong>Enregistrez la vid\u00e9o en utilisant votre smartphone ou votre ordinateur<\/strong> avec webcam \u00e0 partir du lien suivant : https:\/\/caravanes.santeenentreprise.com\/temoignages\/\r\n<ol>\r\n \t<li><strong>Pr\u00e9sentez-vous et votre organisation bri\u00e8vement <\/strong>(15 secondes)<\/li>\r\n \t<li><strong>Pourquoi soutenez-vous cette campagne? <\/strong>(1 minute )<\/li>\r\n \t<li>Concluez votre message par l\u2019appel \u00e0 l\u2019action \u00ab<strong> Z\u00e9ro Palu : passons \u00e0 l\u2019action !<\/strong> \u00bb<\/li>\r\n<\/ol>\r\n<\/li>\r\n<\/ul>\r\n<\/div><button id=\"ctiv-intro-next\" class=\"ctiv-button\">Continuer<\/button>\r\n\t\t\t<div id=\"ctiv-auth-spinner\" class=\"ctiv-hidden\"><\/div>\r\n\t\t\t<div id=\"ctiv-intro-authorization-error\" class=\"ctiv-hidden\">This interview is currently unavailable. Please ask the person who sent you this link to check their video interview settings.<\/div><\/div><form id=\"ctiv-signup-form\" class=\"ctiv-hidden ctiv-section\" action=\"\"><h2>Enregistrez votre vid\u00e9o<\/h2>\n<div class=\"ctiv-signup-row\">\r\n\t\t<label for=\"ctiv-signup-first-name\">Pr\u00e9nom(s)<\/label>\r\n\t\t<input\r\n\t\t  type=\"text\"\t\t  \r\n\t\t  id=\"ctiv-signup-first-name\"\r\n\t\t  name=\"firstname\"\r\n\t\t  placeholder=\"Pr\u00e9nom(s)\" required\r\n\t\t\t\/>\r\n\t  <\/div>\n<div class=\"ctiv-signup-row\">\r\n\t\t<label for=\"ctiv-signup-last-name\">Nom<\/label>\r\n\t\t<input\r\n\t\t  type=\"text\"\t\t  \r\n\t\t  id=\"ctiv-signup-last-name\"\r\n\t\t  name=\"lastname\"\r\n\t\t  placeholder=\"Nom\" required\r\n\t\t\t\/>\r\n\t  <\/div>\n<div class=\"ctiv-signup-row\">\r\n\t\t<label for=\"ctiv-signup-fonction\">Fonction<\/label>\r\n\t\t<input\r\n\t\t  type=\"text\"class=\"ctiv-custom-input\"\\n\t\t id=\"ctiv-signup-fonction\"\r\n\t\t  name=\"Fonction\"\r\n\t\t  placeholder=\"Fonction\" required\r\n\t\t\t\/>\r\n\t  <\/div>\n<div class=\"ctiv-signup-row\">\r\n\t\t<label for=\"ctiv-signup-organisation\">Organisation<\/label>\r\n\t\t<input\r\n\t\t  type=\"text\"class=\"ctiv-custom-input\"\\n\t\t id=\"ctiv-signup-organisation\"\r\n\t\t  name=\"Organisation\"\r\n\t\t  placeholder=\"Organisation\" required\r\n\t\t\t\/>\r\n\t  <\/div>\n<div class=\"ctiv-signup-row\">\r\n\t\t<label for=\"ctiv-signup-pays\">Pays<\/label>\r\n\t\t<input\r\n\t\t  type=\"text\"class=\"ctiv-custom-input\"\\n\t\t id=\"ctiv-signup-pays\"\r\n\t\t  name=\"Pays\"\r\n\t\t  placeholder=\"Pays\" required\r\n\t\t\t\/>\r\n\t  <\/div>\n<div class=\"ctiv-signup-row\">\r\n\t\t<label for=\"ctiv-signup-email\">Email<\/label>\r\n\t\t<input\r\n\t\t  type=\"text\"class=\"ctiv-custom-input\"\\n\t\t id=\"ctiv-signup-email\"\r\n\t\t  name=\"Email\"\r\n\t\t  placeholder=\"Votre adresse mail\" required\r\n\t\t\t\/>\r\n\t  <\/div>\n<div>\n<h5>R\u00e8glements<\/h5>\n<p>En envoyant cette vid\u00e9o en ligne, vous nous autorisez \u00e0 stocker et \u00e0 partager en toute s\u00e9curit\u00e9 sur toutes nos plateformes digitales et celles de nos partenaires.<\/p>\n<div>\r\n\t\t<input type=\"checkbox\" id=\"ctiv-signup-accept\" required \/>\r\n\t\t<label for=\"ctiv-signup-accept\">J'accepte les r\u00e8glements d\u00e9finis ci-dessus<\/label>\r\n\t  <\/div>\n<\/div><input type=\"submit\" value=\"Continuer\" class=\"ctiv-button\" \/><input type=\"hidden\" name=\"trp-form-language\" value=\"en\"\/><\/form>\r\n\t\t<div id=\"ctiv-nav-section\" class=\"ctiv-hidden\">\r\n            <button id=\"ctiv-nav-back\" class=\"ctiv-nav-button\">\r\n\t\t\t<svg>\r\n\t\t\t\t<use href=\"#ctiv-back-arrow-icon\"><\/use>\r\n\t\t\t<\/svg>\r\n\t\t\t<\/button>\r\n            <div id=\"ctiv-nav-bar\">\r\n\t\t\t\t<div data-id=\"-1\">Setup<\/div><div data-id=\"0\">1<\/div>\r\n\t\t\t\t<div data-id=\"1\">Upload<\/div>\r\n\t\t\t<\/div>\r\n\t\t\t<div id=\"ctiv-nav-text\"><h4 id=\"ctiv-nav-text-heading\"><\/h4><\/div>\r\n\t\t\t<button id=\"ctiv-nav-next\" class=\"ctiv-nav-button\">\r\n\t\t\t\t<svg>\r\n\t\t\t\t\t<use href=\"#ctiv-next-arrow-icon\"><\/use>\r\n\t\t\t\t<\/svg>\r\n\t\t\t<\/button>\r\n\t  \t<\/div><div id=\"ctiv-setup-section\" class=\"ctiv-hidden ctiv-section\">\r\n      <div id=\"ctiv-setup-media-error\" class=\"ctiv-hidden\">\r\n        <h3>Something went wrong.<\/h3>\r\n        <div>We can't record the interview without access to your webcam. Please click on the security lock or the camera icon at the top left of your browser and allow access to your webcam and microphone.<\/div>\r\n        <button\r\n          id=\"ctiv-setup-next-no-camera\"\r\n          class=\"ctiv-button ctiv-button-neutral\"\r\n        >Continue without camera<\/button>\r\n      <\/div>\r\n      <div id=\"ctiv-setup-video-container\" class=\"ctiv-video-container\">\r\n        <video id=\"ctiv-setup-video\" class=\"ctiv-video\" autoplay><\/video>\r\n        <div id=\"ctiv-setup-bottom-overlay\" class=\"ctiv-bottom-overlay\">\r\n          <button id=\"ctiv-setup-next\" class=\"ctiv-button\">Commencer<\/button>\r\n        <\/div>\r\n        <div id=\"ctiv-setup-devices\">\r\n          <div class=\"ctiv-dropdown\">\r\n            <button\r\n              id=\"ctiv-setup-camera-button\"\r\n              class=\"ctiv-overlay-button\"\r\n            >\r\n              <svg class=\"ctiv-svg-outline\">\r\n                <use href=\"#ctiv-camera-icon\"><\/use>\r\n              <\/svg>\r\n              <p>Camera<\/p>\r\n            <\/button>\r\n            <div\r\n              id=\"ctiv-setup-camera-options\"\r\n              class=\"ctiv-dropdown-content ctiv-hidden\"\r\n            ><\/div>\r\n          <\/div>\r\n          <div class=\"ctiv-dropdown\">\r\n            <button\r\n              id=\"ctiv-setup-microphone-button\"\r\n              class=\"ctiv-overlay-button\"\r\n            >\r\n              <svg class=\"ctiv-svg-outline\">\r\n                <use href=\"#ctiv-microphone-icon\"><\/use>\r\n              <\/svg>\r\n              <p>Microphone<\/p>\r\n            <\/button>\r\n            <div\r\n              id=\"ctiv-setup-microphone-options\"\r\n              class=\"ctiv-dropdown-content ctiv-hidden\"\r\n            ><\/div>\r\n          <\/div>\r\n          <div id=\"ctiv-setup-audio-error\" class=\"ctiv-hidden\">\r\n            No audio input detected.\r\n          <\/div>\r\n        <\/div>\r\n      <\/div>\r\n    <\/div>\r\n    <div id=\"ctiv-question-section\" class=\"ctiv-hidden ctiv-section\">\r\n    <h1 id=\"ctiv-question-text\"><\/h1>\r\n    <div id=\"ctiv-question-nocam-section\" class=\"ctiv-hidden\">\r\n      <div id=\"ctiv-question-answered-state\" class=\"ctiv-hidden\">\r\n        <svg id=\"ctiv-question-answered-icon\">\r\n          <use href=\"#ctiv-tick-icon\"><\/use>\r\n        <\/svg>\r\n        <span id=\"ctiv-question-answered-text\">Answered<\/span>\r\n      <\/div>\r\n      <div id=\"ctiv-question-nocam-video-container\" class=\"ctiv-hidden\">\r\n        <video\r\n          id=\"ctiv-question-nocam-video\"\r\n          class=\"ctiv-video\"\r\n          playsinline\r\n><\/video>\r\n        <div id=\"ctiv-question-nocam-video-controls\">\r\n          <progress id=\"ctiv-question-nocam-video-progress\"><\/progress>\r\n          <input\r\n              id=\"ctiv-question-nocam-seek\"\r\n              class=\"ctiv-slider\"\r\n              type=\"range\"\r\n              step=\"0.01\"\r\n            \/>\r\n        <\/div>\r\n      <\/div>\r\n      <div id=\"ctiv-rotate-device-note\">\r\n        <svg id=\"ctiv-rotate-device-svg\">\r\n          <use href=\"#ctiv-rotate-device-icon\"><\/use>\r\n        <\/svg>\r\n        <span id=\"ctiv-rotate-device-text\">Please record in landscape mode.<\/span>\r\n      <\/div>\r\n      <label for=\"ctiv-question-nocam-file-input\" class=\"ctiv-button\">\r\n        <input\r\n          id=\"ctiv-question-nocam-file-input\"\r\n          type=\"file\"\r\n          accept=\"video\/*\"\r\n        \/>\r\n        Enregistrer\r\n      <\/label>\r\n    <\/div>\r\n    <div\r\n      id=\"ctiv-question-video-container\"\r\n      class=\"ctiv-video-container\"\r\n    >\r\n      <video id=\"ctiv-question-video\" class=\"ctiv-video\"><\/video>\r\n      <div\r\n        id=\"ctiv-question-recording-overlay\"\r\n        class=\"ctiv-bottom-overlay\"\r\n      >\r\n        <button id=\"ctiv-question-start-recording\" class=\"ctiv-button\">Start Recording<\/button>\r\n        <button\r\n          id=\"ctiv-question-stop-recording\"\r\n          class=\"ctiv-button ctiv-hidden\"\r\n        >Stop Recording<\/button>\r\n        <div\r\n          id=\"ctiv-question-recording-indicator\"\r\n          class=\"ctiv-hidden\"\r\n        ><\/div>\r\n      <\/div>\r\n      <div id=\"ctiv-question-timer\"><\/div>\r\n      <div id=\"ctiv-question-nav-buttons\">\r\n        <button\r\n          id=\"ctiv-question-retake\"\r\n          class=\"ctiv-overlay-nav-button\"\r\n        >\r\n          <svg id=\"ctiv-retake-icon\">\r\n            <use href=\"#ctiv-retake-icon-path\"><\/use>\r\n          <\/svg> Reprendre la vid\u00e9o\r\n        <\/button>\r\n        <button id=\"ctiv-question-next\" class=\"ctiv-overlay-nav-button\">\r\n        Suivant \u276f\r\n        <\/button>\r\n      <\/div>\r\n      <div\r\n        id=\"ctiv-question-editing-overlay\"\r\n        class=\"ctiv-bottom-overlay\"\r\n      >\r\n        <div id=\"ctiv-question-editing-timeline\">\r\n          <div\r\n            id=\"ctiv-question-start-background\"\r\n            class=\"ctiv-trim-slider-background\"\r\n          ><\/div>\r\n          <div\r\n            id=\"ctiv-question-end-background\"\r\n            class=\"ctiv-trim-slider-background\"\r\n          ><\/div>\r\n          <div id=\"ctiv-question-trimmed-frame\"><\/div>\r\n          <input\r\n            id=\"ctiv-question-seek\"\r\n            class=\"ctiv-slider\"\r\n            type=\"range\"\r\n            step=\"0.01\"\r\n          \/>\r\n          <input\r\n            id=\"ctiv-question-start\"\r\n            class=\"ctiv-slider ctiv-trim-slider\"\r\n            type=\"range\"\r\n            step=\"0.01\"\r\n          \/>\r\n          <input\r\n            id=\"ctiv-question-end\"\r\n            class=\"ctiv-slider ctiv-trim-slider\"\r\n            type=\"range\"\r\n            step=\"0.01\"\r\n          \/>\r\n          <div id=\"ctiv-question-seek-index\">00:00<\/div>\r\n        <\/div>\r\n        <div id=\"ctiv-question-editing-controls\">\r\n          <div id=\"ctiv-question-editing-left-controls\">\r\n            <button\r\n              data-title=\"Play\"\r\n              id=\"ctiv-question-toggle-play\"\r\n              class=\"ctiv-control-button\"\r\n            >\r\n              <svg class=\"ctiv-svg\">\r\n                <use\r\n                  id=\"ctiv-question-play-icon\"\r\n                  href=\"#ctiv-play-icon\"\r\n                ><\/use>\r\n                <use\r\n                  id=\"ctiv-question-pause-icon\"\r\n                  class=\"ctiv-hidden\"\r\n                  href=\"#ctiv-pause-icon\"\r\n                ><\/use>\r\n              <\/svg>\r\n            <\/button>\r\n            <div id=\"ctiv-question-time\">\r\n              <time id=\"ctiv-question-time-elapsed\">00:00<\/time>\r\n              <span> \/ <\/span>\r\n              <time id=\"ctiv-question-duration\">00:00<\/time>\r\n            <\/div>\r\n          <\/div>\r\n          <div id=\"ctiv-question-editing-right-controls\">\r\n            <div id=\"ctiv-question-volume-controls\">\r\n              <button\r\n                data-title=\"Mute\"\r\n                id=\"ctiv-question-toggle-mute\"\r\n                class=\"ctiv-control-button\"\r\n              >\r\n                <svg class=\"ctiv-svg\">\r\n                  <use\r\n                    id=\"ctiv-question-volume-mute-icon\"\r\n                    class=\"ctiv-hidden\"\r\n                    href=\"#ctiv-volume-mute-icon\"\r\n                  ><\/use>\r\n                  <use\r\n                    id=\"ctiv-question-volume-low-icon\"\r\n                    class=\"ctiv-hidden\"\r\n                    href=\"#ctiv-volume-low-icon\"\r\n                  ><\/use>\r\n                  <use\r\n                    id=\"ctiv-question-volume-high-icon\"\r\n                    href=\"#ctiv-volume-high-icon\"\r\n                  ><\/use>\r\n                <\/svg>\r\n              <\/button>\r\n              <input\r\n                id=\"ctiv-question-volume\"\r\n                class=\"ctiv-slider\"\r\n                value=\"1\"\r\n                data-mute=\"0.5\"\r\n                type=\"range\"\r\n                max=\"1\"\r\n                min=\"0\"\r\n                step=\"0.01\"\r\n              \/>\r\n            <\/div>\r\n            <button\r\n              data-title=\"Full screen\"\r\n              id=\"ctiv-question-toggle-fullscreen\"\r\n              class=\"ctiv-control-button\"\r\n            >\r\n              <svg class=\"ctiv-svg\">\r\n                <use\r\n                  id=\"ctiv-question-fullscreen-icon\"\r\n                  href=\"#ctiv-fullscreen-icon\"\r\n                ><\/use>\r\n                <use\r\n                  id=\"ctiv-question-exit-fullscreen-icon\"\r\n                  href=\"#ctiv-fullscreen-exit-icon\"\r\n                  class=\"ctiv-hidden\"\r\n                ><\/use>\r\n              <\/svg>\r\n            <\/button>\r\n          <\/div>\r\n        <\/div>\r\n      <\/div>\r\n    <\/div>\r\n  <\/div>\r\n    <div id=\"ctiv-upload-section\" class=\"ctiv-hidden ctiv-section\">\r\n      <div id=\"ctiv-upload-before\">\r\n        <div><p>Toutes les \u00e9tapes ont \u00e9t\u00e9 valid\u00e9e.<\/p>\n<p>Vous pouvez utiliser la barre de navigation ci-dessus pour revoir vos informations et les reprendre si n\u00e9cessaire.<\/p><\/div>\r\n        <button id=\"ctiv-upload-button\" class=\"ctiv-button\">Transmettre<\/button>\r\n      <\/div>\r\n      <div id=\"ctiv-upload-waiting\" class=\"ctiv-hidden\">\r\n        <div id=\"ctiv-upload-spinner\"><\/div>\r\n        <h5>Please leave this page open until the upload is finished.<\/h5>\r\n      <\/div>      \r\n      <div id=\"ctiv-upload-error\" class=\"ctiv-hidden\">\r\n        <h5>Something went wrong.<\/h5>\r\n        <div>Please navigate back through your answers to ensure all recordings have been completed and check your internet connection before retrying the upload.<br>\r\n        <br>\r\n        <p id=\"ctiv-upload-error-message\"><\/p>\r\n        <\/div>\r\n      <\/div>\r\n      <div id=\"ctiv-upload-after\" class=\"ctiv-hidden\"><p>Votre vid\u00e9o a \u00e9t\u00e9 soumise avec succ\u00e8s. Vous pouvez maintenant fermer cette page.<\/p><\/div>\r\n    <\/div><\/div>\r\n    <svg style=\"display: none\">\r\n      <defs>\r\n        <symbol id=\"ctiv-next-arrow-icon\" viewbox=\"0 0 24 24\">\r\n          <path d=\"M2 12h 20M12 4l10 8l-10 8\" stroke-width=\"4\" stroke-linecap=\"round\" stroke-linejoin=\"round\"\/>\r\n        <\/symbol>\r\n        <symbol id=\"ctiv-back-arrow-icon\" viewbox=\"0 0 24 24\">\r\n          <path d=\"M2 12h 20M12 4l-10 8l10 8\" stroke-width=\"4\" stroke-linecap=\"round\" stroke-linejoin=\"round\"\/>\r\n        <\/symbol>\r\n\r\n        <symbol id=\"ctiv-retake-icon-path\" viewbox=\"0 0 24 24\">\r\n          <path stroke-width=\"3.5\" stroke-linecap=\"round\" stroke-linejoin=\"round\"\r\n            d=\"M18 19A 9.5 9.5 0 1 1 18 5M18 5.5l3.5-3v9l-7-3l3.5-3l1.5 1.5\"\r\n          \/>\r\n        <\/symbol>\r\n\r\n        <symbol id=\"ctiv-camera-icon\" viewbox=\"0 0 24 24\">\r\n          <path\r\n            d=\"M1 8a2 2 0 0 1 2 -2h10a2 2 0 0 1 2 2v8a2 2 0 0 1 -2 2h-10a2 2 0 0 1 -2 -2z M18 12v-3l3-2c2 -1 2 0 2 2v3 M18 12v3l3 2c2  1 2 0 2 -2v-3\"\r\n          \/>\r\n        <\/symbol>\r\n        <symbol id=\"ctiv-microphone-icon\" viewbox=\"0 0 24 24\">\r\n          <path\r\n            d=\"M12,18 v5 M6 14 c0 3 3 5 6 5 3 0 6 -2 6 -5 M12,3 c 1.804167,0 3,1.1264585 3,2 v 8 c 0,0.873542 -1.195833,2 -3,2 -1.804167,0 -3,-1.126458 -3,-2 V 5 C 9,4.1264585 10.195833,3 12,3 Z\"\r\n          \/>\r\n        <\/symbol>\r\n\r\n        <symbol id=\"ctiv-pause-icon\" viewbox=\"0 0 24 24\">\r\n          <path d=\"M14 5h4v14h-4v-14zM6 19v-14h4v14h-4z\"><\/path>\r\n        <\/symbol>\r\n        <symbol id=\"ctiv-play-icon\" viewbox=\"0 0 24 24\">\r\n          <path d=\"M8 5l11 7-11 7v-14z\"><\/path>\r\n        <\/symbol>\r\n\r\n        <symbol id=\"ctiv-volume-high-icon\" viewbox=\"0 0 24 24\">\r\n          <path\r\n            d=\"M3 9h4l5-5v15l-5-5h-4v-5zM16.5 11.5q0 3-2.5 4v-4zM16.5 11.5q0 -3-2.5 -4v4zM20.5 11.5q0-6 -6.5 -8v2c2 0.5 4.5 2 4.75 6zM20.5 11.5q0 6 -6.5 8v-2c2 -0.5 4.5 -2 4.75 -6z\"\r\n          ><\/path>\r\n        <\/symbol>\r\n        <symbol id=\"ctiv-volume-low-icon\" viewbox=\"0 0 24 24\">\r\n          <path\r\n            d=\"M3 9h4l5-5v15l-5-5h-4v-5zM16.5 11.5q0 3-2.5 4v-4zM16.5 11.5q0 -3-2.5 -4v4z\"\r\n          ><\/path>\r\n        <\/symbol>\r\n        <symbol id=\"ctiv-volume-mute-icon\" viewbox=\"0 0 24 24\">\r\n          <path\r\n            d=\"M3 9h4l5-5v15l-5-5h-4v-5zM16.5 11.5q0 3-2.5 4v-4zM16.5 11.5q0 -3-2.5 -4v4zM20.5 11.5q0-6 -6.5 -8v2c2 0.5 4.5 2 4.75 6zM20.5 11.5q0 6 -6.5 8v-2c2 -0.5 4.5 -2 4.75 -6zM6 4l16 16l-3 0l-16-16z\"\r\n          ><\/path>\r\n        <\/symbol>\r\n\r\n        <symbol id=\"ctiv-fullscreen-icon\" viewbox=\"0 0 24 24\">\r\n          <path\r\n            d=\"M14 5h5v5h-2v-3h-3v-2zM17 17v-3h2v5h-5v-2h3zM5 10v-5h5v2h-3v3h-2zM7 14v3h3v2h-5v-5h2z\"\r\n          ><\/path>\r\n        <\/symbol>\r\n        <symbol id=\"ctiv-fullscreen-exit-icon\" viewbox=\"0 0 24 24\">\r\n          <path\r\n            d=\"M16 8h3v2h-5v-5h2v3zM14 19v-5h5v2h-3v3h-2zM8 8v-3h2v5h-5v-2h3zM5 16v-2h5v5h-2v-3h-3z\"\r\n          ><\/path>\r\n        <\/symbol>\r\n\r\n        <symbol id=\"ctiv-tick-icon\" viewbox=\"0 0 24 24\">\r\n          <path d=\"M2 12l6 6l12-12\" fill=\"none\" stroke=\"#00dd00\"\r\n            stroke-width=\"4\" stroke-linecap=\"round\" stroke-linejoin=\"round\"><\/path>\r\n        <\/symbol>\r\n        <symbol id=\"ctiv-rotate-device-icon\" viewbox=\"0 0 24 24\">\r\n          <path d=\"m1 4v16c0 1 0 1 1 1v-16h8v14h-8v2h8c1 0 1 0 1-1v-16c0-1 0-1-1-1h-8c-1 0-1 0-1 1v-1\" fill=\"#b3b3b3\"\/>\r\n          <path d=\"m22 11h-16c-1 0-1 0-1 1h16v8h-14v-8h-2v8c0 1 0 1 1 1h16c1 0 1 0 1-1v-8c0-1 0-1-1-1h1\" fill=\"#1a1a1a\"\/>\r\n          <path d=\"m17 8h2l-1 2-1-2\" fill=\"#1a1a1a\"\/>\r\n          <path d=\"M13 4 a 5,4 0 0 1 5,4\" fill=\"none\" stroke=\"#1a1a1a\" stroke-linecap=\"round\" stroke-width=\".75\"\/>\r\n        <\/symbol>\r\n      <\/defs>\r\n    <\/svg><\/p>","protected":false},"excerpt":{"rendered":"","protected":false},"author":1,"featured_media":0,"parent":0,"menu_order":0,"comment_status":"closed","ping_status":"closed","template":"","meta":{"_regular_price":[],"currency_symbol":[],"footnotes":""},"class_list":["post-9805","page","type-page","status-publish","hentry"],"post_slider_layout_featured_media_urls":{"thumbnail":"","post_slider_layout_landscape_large":"","post_slider_layout_portrait_large":"","post_slider_layout_square_large":"","post_slider_layout_landscape":"","post_slider_layout_portrait":"","post_slider_layout_square":"","full":""},"jetpack_sharing_enabled":true,"_links":{"self":[{"href":"https:\/\/caravanes.santeenentreprise.com\/en\/wp-json\/wp\/v2\/pages\/9805","targetHints":{"allow":["GET"]}}],"collection":[{"href":"https:\/\/caravanes.santeenentreprise.com\/en\/wp-json\/wp\/v2\/pages"}],"about":[{"href":"https:\/\/caravanes.santeenentreprise.com\/en\/wp-json\/wp\/v2\/types\/page"}],"author":[{"embeddable":true,"href":"https:\/\/caravanes.santeenentreprise.com\/en\/wp-json\/wp\/v2\/users\/1"}],"replies":[{"embeddable":true,"href":"https:\/\/caravanes.santeenentreprise.com\/en\/wp-json\/wp\/v2\/comments?post=9805"}],"version-history":[{"count":4,"href":"https:\/\/caravanes.santeenentreprise.com\/en\/wp-json\/wp\/v2\/pages\/9805\/revisions"}],"predecessor-version":[{"id":9845,"href":"https:\/\/caravanes.santeenentreprise.com\/en\/wp-json\/wp\/v2\/pages\/9805\/revisions\/9845"}],"wp:attachment":[{"href":"https:\/\/caravanes.santeenentreprise.com\/en\/wp-json\/wp\/v2\/media?parent=9805"}],"curies":[{"name":"wp","href":"https:\/\/api.w.org\/{rel}","templated":true}]}}